{"id":144,"date":"2024-12-08T20:23:41","date_gmt":"2024-12-08T20:23:41","guid":{"rendered":"https:\/\/lieblingsmomentemichi.de\/?page_id=144"},"modified":"2026-02-05T18:36:57","modified_gmt":"2026-02-05T18:36:57","slug":"leistungen","status":"publish","type":"page","link":"https:\/\/lieblingsmomentemichi.de\/?page_id=144","title":{"rendered":"Leistungen"},"content":{"rendered":"\t\t<div data-elementor-type=\"wp-page\" data-elementor-id=\"144\" class=\"elementor elementor-144\" data-elementor-post-type=\"page\">\n\t\t\t\t<div class=\"elementor-element elementor-element-817a6d3 e-flex e-con-boxed e-con e-parent\" data-id=\"817a6d3\" data-element_type=\"container\">\n\t\t\t\t\t<div class=\"e-con-inner\">\n\t\t<div class=\"elementor-element elementor-element-3e7911b e-con-full e-flex e-con e-child\" data-id=\"3e7911b\" data-element_type=\"container\">\n\t\t\t\t<div class=\"elementor-element elementor-element-8db2143 elementor-widget elementor-widget-heading\" data-id=\"8db2143\" data-element_type=\"widget\" data-widget_type=\"heading.default\">\n\t\t\t\t<div class=\"elementor-widget-container\">\n\t\t\t\t\t<h2 class=\"elementor-heading-title elementor-size-default\">LEISTUNGEN<\/h2>\t\t\t\t<\/div>\n\t\t\t\t<\/div>\n\t\t\t\t<div class=\"elementor-element elementor-element-6edc512 elementor-widget-divider--view-line elementor-widget elementor-widget-divider\" data-id=\"6edc512\" data-element_type=\"widget\" data-widget_type=\"divider.default\">\n\t\t\t\t<div class=\"elementor-widget-container\">\n\t\t\t\t\t\t\t<div class=\"elementor-divider\">\n\t\t\t<span class=\"elementor-divider-separator\">\n\t\t\t\t\t\t<\/span>\n\t\t<\/div>\n\t\t\t\t\t\t<\/div>\n\t\t\t\t<\/div>\n\t\t\t\t<\/div>\n\t\t\t\t\t<\/div>\n\t\t\t\t<\/div>\n\t\t<div class=\"elementor-element elementor-element-2384d6d e-flex e-con-boxed e-con e-parent\" data-id=\"2384d6d\" data-element_type=\"container\">\n\t\t\t\t\t<div class=\"e-con-inner\">\n\t\t<div class=\"elementor-element elementor-element-4481645 e-con-full e-flex e-con e-child\" data-id=\"4481645\" data-element_type=\"container\">\n\t\t\t\t<div class=\"elementor-element elementor-element-85e431f elementor-widget elementor-widget-image\" data-id=\"85e431f\" data-element_type=\"widget\" data-widget_type=\"image.default\">\n\t\t\t\t<div class=\"elementor-widget-container\">\n\t\t\t\t\t\t\t\t\t\t\t\t\t\t\t<img fetchpriority=\"high\" decoding=\"async\" width=\"1365\" height=\"2048\" src=\"https:\/\/lieblingsmomentemichi.de\/wp-content\/uploads\/2026\/02\/CL-Babybauch-2025-51_websize.jpg\" class=\"attachment-full size-full wp-image-1778\" alt=\"\" srcset=\"https:\/\/lieblingsmomentemichi.de\/wp-content\/uploads\/2026\/02\/CL-Babybauch-2025-51_websize.jpg 1365w, https:\/\/lieblingsmomentemichi.de\/wp-content\/uploads\/2026\/02\/CL-Babybauch-2025-51_websize-200x300.jpg 200w, https:\/\/lieblingsmomentemichi.de\/wp-content\/uploads\/2026\/02\/CL-Babybauch-2025-51_websize-683x1024.jpg 683w, https:\/\/lieblingsmomentemichi.de\/wp-content\/uploads\/2026\/02\/CL-Babybauch-2025-51_websize-768x1152.jpg 768w, https:\/\/lieblingsmomentemichi.de\/wp-content\/uploads\/2026\/02\/CL-Babybauch-2025-51_websize-1024x1536.jpg 1024w\" sizes=\"(max-width: 1365px) 100vw, 1365px\" \/>\t\t\t\t\t\t\t\t\t\t\t\t\t\t\t<\/div>\n\t\t\t\t<\/div>\n\t\t\t\t<\/div>\n\t\t<div class=\"elementor-element elementor-element-b8d4086 e-con-full e-flex e-con e-child\" data-id=\"b8d4086\" data-element_type=\"container\">\n\t\t<div class=\"elementor-element elementor-element-8391d1e e-grid e-con-full e-con e-child\" data-id=\"8391d1e\" data-element_type=\"container\" data-settings=\"{&quot;background_background&quot;:&quot;classic&quot;}\">\n\t\t\t\t<div class=\"elementor-element elementor-element-41ad265 elementor-widget elementor-widget-heading\" data-id=\"41ad265\" data-element_type=\"widget\" data-widget_type=\"heading.default\">\n\t\t\t\t<div class=\"elementor-widget-container\">\n\t\t\t\t\t<h2 class=\"elementor-heading-title elementor-size-default\">OUTDOOR SHOOTING<\/h2>\t\t\t\t<\/div>\n\t\t\t\t<\/div>\n\t\t\t\t<div class=\"elementor-element elementor-element-85b11c2 elementor-widget elementor-widget-text-editor\" data-id=\"85b11c2\" data-element_type=\"widget\" data-widget_type=\"text-editor.default\">\n\t\t\t\t<div class=\"elementor-widget-container\">\n\t\t\t\t\t\t\t\t\t<p>Zum Beispiel: Paare, Babybauch, Portr\u00e4t, Familie &amp; Freunde<\/p><p>\u00a0<\/p><p>60 &#8211; 90 Minuten Shooting<\/p><p>Alle gelungenen Bilder in meinem Stil bearbeitet<\/p><p>Online Galerie zum Download der Bilder<\/p><p>Eure Wunschlocation, gerne mache ich auch einen Vorschlag\u00a0<\/p><p>Anfahrt 40 Kilometer inklusive\u00a0<\/p><p>( &gt; 40 Kilometer 0,50 \u20ac \/ Kilometer)<\/p><p>\u00a0<\/p><p>300 \u20ac<\/p>\t\t\t\t\t\t\t\t<\/div>\n\t\t\t\t<\/div>\n\t\t\t\t<div class=\"elementor-element elementor-element-e3d568d elementor-align-center elementor-widget elementor-widget-button\" data-id=\"e3d568d\" data-element_type=\"widget\" data-widget_type=\"button.default\">\n\t\t\t\t<div class=\"elementor-widget-container\">\n\t\t\t\t\t\t\t\t\t<div class=\"elementor-button-wrapper\">\n\t\t\t\t\t<a class=\"elementor-button elementor-button-link elementor-size-sm\" href=\"https:\/\/lieblingsmomentemichi.de\/?page_id=292\">\n\t\t\t\t\t\t<span class=\"elementor-button-content-wrapper\">\n\t\t\t\t\t\t\t\t\t<span class=\"elementor-button-text\">JETZT ANFRAGEN<\/span>\n\t\t\t\t\t<\/span>\n\t\t\t\t\t<\/a>\n\t\t\t\t<\/div>\n\t\t\t\t\t\t\t\t<\/div>\n\t\t\t\t<\/div>\n\t\t\t\t<\/div>\n\t\t\t\t<\/div>\n\t\t\t\t\t<\/div>\n\t\t\t\t<\/div>\n\t\t<div class=\"elementor-element elementor-element-dcd84a3 e-flex e-con-boxed e-con e-parent\" data-id=\"dcd84a3\" data-element_type=\"container\">\n\t\t\t\t\t<div class=\"e-con-inner\">\n\t\t\t\t<div class=\"elementor-element elementor-element-7c6e9a8 elementor-widget elementor-widget-spacer\" data-id=\"7c6e9a8\" data-element_type=\"widget\" data-widget_type=\"spacer.default\">\n\t\t\t\t<div class=\"elementor-widget-container\">\n\t\t\t\t\t\t\t<div class=\"elementor-spacer\">\n\t\t\t<div class=\"elementor-spacer-inner\"><\/div>\n\t\t<\/div>\n\t\t\t\t\t\t<\/div>\n\t\t\t\t<\/div>\n\t\t\t\t\t<\/div>\n\t\t\t\t<\/div>\n\t\t<div class=\"elementor-element elementor-element-5ce6161 e-flex e-con-boxed e-con e-parent\" data-id=\"5ce6161\" data-element_type=\"container\">\n\t\t\t\t\t<div class=\"e-con-inner\">\n\t\t<div class=\"elementor-element elementor-element-9e9cdeb e-con-full e-flex e-con e-child\" data-id=\"9e9cdeb\" data-element_type=\"container\">\n\t\t<div class=\"elementor-element elementor-element-a7b1fbe e-grid e-con-full e-con e-child\" data-id=\"a7b1fbe\" data-element_type=\"container\" data-settings=\"{&quot;background_background&quot;:&quot;classic&quot;}\">\n\t\t\t\t<div class=\"elementor-element elementor-element-a6c4291 elementor-widget elementor-widget-heading\" data-id=\"a6c4291\" data-element_type=\"widget\" data-widget_type=\"heading.default\">\n\t\t\t\t<div class=\"elementor-widget-container\">\n\t\t\t\t\t<h2 class=\"elementor-heading-title elementor-size-default\">REPORTAGE KURZ<\/h2>\t\t\t\t<\/div>\n\t\t\t\t<\/div>\n\t\t\t\t<div class=\"elementor-element elementor-element-0c26fe3 elementor-widget elementor-widget-text-editor\" data-id=\"0c26fe3\" data-element_type=\"widget\" data-widget_type=\"text-editor.default\">\n\t\t\t\t<div class=\"elementor-widget-container\">\n\t\t\t\t\t\t\t\t\t<p>Zum Beispiel: Standesamtliche Trauung, Taufe, sonstige Feiern<\/p><p>\u00a0<\/p><p>Ab 2 Stunden<\/p><p>Maximal 5 Stunden\u00a0<\/p><p>Alle gelungenen Bilder in meinem Stil bearbeitet<\/p><p>Online Galerie zum Download der Bilder<\/p><p>\u00a0Anfahrt 40 Kilometer inklusive\u00a0<\/p><p>( &gt; 40 Kilometer 0,50 \u20ac \/ Kilometer)<\/p><p>\u00a0<\/p><p>ab 490 \u20ac\u00a0<\/p>\t\t\t\t\t\t\t\t<\/div>\n\t\t\t\t<\/div>\n\t\t\t\t<div class=\"elementor-element elementor-element-0c1cf1c elementor-align-center elementor-widget elementor-widget-button\" data-id=\"0c1cf1c\" data-element_type=\"widget\" data-widget_type=\"button.default\">\n\t\t\t\t<div class=\"elementor-widget-container\">\n\t\t\t\t\t\t\t\t\t<div class=\"elementor-button-wrapper\">\n\t\t\t\t\t<a class=\"elementor-button elementor-button-link elementor-size-sm\" href=\"https:\/\/lieblingsmomentemichi.de\/?page_id=292\">\n\t\t\t\t\t\t<span class=\"elementor-button-content-wrapper\">\n\t\t\t\t\t\t\t\t\t<span class=\"elementor-button-text\">JETZT ANFRAGEN<\/span>\n\t\t\t\t\t<\/span>\n\t\t\t\t\t<\/a>\n\t\t\t\t<\/div>\n\t\t\t\t\t\t\t\t<\/div>\n\t\t\t\t<\/div>\n\t\t\t\t<\/div>\n\t\t\t\t<\/div>\n\t\t<div class=\"elementor-element elementor-element-537a9ff e-con-full e-flex e-con e-child\" data-id=\"537a9ff\" data-element_type=\"container\">\n\t\t\t\t<div class=\"elementor-element elementor-element-ed7291b elementor-widget elementor-widget-image\" data-id=\"ed7291b\" data-element_type=\"widget\" data-widget_type=\"image.default\">\n\t\t\t\t<div class=\"elementor-widget-container\">\n\t\t\t\t\t\t\t\t\t\t\t\t\t\t\t<img decoding=\"async\" width=\"1365\" height=\"2048\" src=\"https:\/\/lieblingsmomentemichi.de\/wp-content\/uploads\/2026\/02\/SM-Standesamt-2025-39-1.jpg\" class=\"attachment-full size-full wp-image-1689\" alt=\"\" srcset=\"https:\/\/lieblingsmomentemichi.de\/wp-content\/uploads\/2026\/02\/SM-Standesamt-2025-39-1.jpg 1365w, https:\/\/lieblingsmomentemichi.de\/wp-content\/uploads\/2026\/02\/SM-Standesamt-2025-39-1-200x300.jpg 200w, https:\/\/lieblingsmomentemichi.de\/wp-content\/uploads\/2026\/02\/SM-Standesamt-2025-39-1-683x1024.jpg 683w, https:\/\/lieblingsmomentemichi.de\/wp-content\/uploads\/2026\/02\/SM-Standesamt-2025-39-1-768x1152.jpg 768w, https:\/\/lieblingsmomentemichi.de\/wp-content\/uploads\/2026\/02\/SM-Standesamt-2025-39-1-1024x1536.jpg 1024w\" sizes=\"(max-width: 1365px) 100vw, 1365px\" \/>\t\t\t\t\t\t\t\t\t\t\t\t\t\t\t<\/div>\n\t\t\t\t<\/div>\n\t\t\t\t<\/div>\n\t\t\t\t\t<\/div>\n\t\t\t\t<\/div>\n\t\t<div class=\"elementor-element elementor-element-f4c0827 e-flex e-con-boxed e-con e-parent\" data-id=\"f4c0827\" data-element_type=\"container\">\n\t\t\t\t\t<div class=\"e-con-inner\">\n\t\t\t\t<div class=\"elementor-element elementor-element-539d3b4 elementor-widget elementor-widget-spacer\" data-id=\"539d3b4\" data-element_type=\"widget\" data-widget_type=\"spacer.default\">\n\t\t\t\t<div class=\"elementor-widget-container\">\n\t\t\t\t\t\t\t<div class=\"elementor-spacer\">\n\t\t\t<div class=\"elementor-spacer-inner\"><\/div>\n\t\t<\/div>\n\t\t\t\t\t\t<\/div>\n\t\t\t\t<\/div>\n\t\t\t\t\t<\/div>\n\t\t\t\t<\/div>\n\t\t<div class=\"elementor-element elementor-element-b1a41e6 e-flex e-con-boxed e-con e-parent\" data-id=\"b1a41e6\" data-element_type=\"container\">\n\t\t\t\t\t<div class=\"e-con-inner\">\n\t\t<div class=\"elementor-element elementor-element-a39ca2a e-con-full e-flex e-con e-child\" data-id=\"a39ca2a\" data-element_type=\"container\">\n\t\t\t\t<div class=\"elementor-element elementor-element-a42a348 elementor-widget elementor-widget-image\" data-id=\"a42a348\" data-element_type=\"widget\" data-widget_type=\"image.default\">\n\t\t\t\t<div class=\"elementor-widget-container\">\n\t\t\t\t\t\t\t\t\t\t\t\t\t\t\t<img decoding=\"async\" width=\"1365\" height=\"2048\" src=\"https:\/\/lieblingsmomentemichi.de\/wp-content\/uploads\/2026\/02\/CJ-144.jpg\" class=\"attachment-full size-full wp-image-1574\" alt=\"\" srcset=\"https:\/\/lieblingsmomentemichi.de\/wp-content\/uploads\/2026\/02\/CJ-144.jpg 1365w, https:\/\/lieblingsmomentemichi.de\/wp-content\/uploads\/2026\/02\/CJ-144-200x300.jpg 200w, https:\/\/lieblingsmomentemichi.de\/wp-content\/uploads\/2026\/02\/CJ-144-683x1024.jpg 683w, https:\/\/lieblingsmomentemichi.de\/wp-content\/uploads\/2026\/02\/CJ-144-768x1152.jpg 768w, https:\/\/lieblingsmomentemichi.de\/wp-content\/uploads\/2026\/02\/CJ-144-1024x1536.jpg 1024w\" sizes=\"(max-width: 1365px) 100vw, 1365px\" \/>\t\t\t\t\t\t\t\t\t\t\t\t\t\t\t<\/div>\n\t\t\t\t<\/div>\n\t\t\t\t<\/div>\n\t\t<div class=\"elementor-element elementor-element-0137907 e-con-full e-flex e-con e-child\" data-id=\"0137907\" data-element_type=\"container\">\n\t\t<div class=\"elementor-element elementor-element-072a272 e-grid e-con-full e-con e-child\" data-id=\"072a272\" data-element_type=\"container\" data-settings=\"{&quot;background_background&quot;:&quot;classic&quot;}\">\n\t\t\t\t<div class=\"elementor-element elementor-element-46156dc elementor-widget elementor-widget-heading\" data-id=\"46156dc\" data-element_type=\"widget\" data-widget_type=\"heading.default\">\n\t\t\t\t<div class=\"elementor-widget-container\">\n\t\t\t\t\t<h2 class=\"elementor-heading-title elementor-size-default\">REPORTAGE LANG<\/h2>\t\t\t\t<\/div>\n\t\t\t\t<\/div>\n\t\t\t\t<div class=\"elementor-element elementor-element-3a50ac9 elementor-widget elementor-widget-text-editor\" data-id=\"3a50ac9\" data-element_type=\"widget\" data-widget_type=\"text-editor.default\">\n\t\t\t\t<div class=\"elementor-widget-container\">\n\t\t\t\t\t\t\t\t\t<p>Zum Beispiel: Kirchliche Hochzeit, freie Trauung\u00a0<\/p><p>\u00a0<\/p><p>Ab 6 Stunden \u00a0<\/p><p>Alle gelungenen Bilder in meinem Stil bearbeitet<\/p><p>Online Galerie zum Download der Bilder<\/p><p>Liebevoll gestaltete Holzbox mit USB &#8211; Stick und 20 Fotoabz\u00fcgen\u00a0<\/p><p>\u00a0Anfahrt 60 Kilometer inklusive\u00a0<\/p><p>( &gt; 60 Kilometer 0,50 \u20ac \/ Kilometer)<\/p><p>\u00a0<\/p><p>ab 1500 \u20ac\u00a0<\/p>\t\t\t\t\t\t\t\t<\/div>\n\t\t\t\t<\/div>\n\t\t\t\t<div class=\"elementor-element elementor-element-0aa56a6 elementor-align-center elementor-widget elementor-widget-button\" data-id=\"0aa56a6\" data-element_type=\"widget\" data-widget_type=\"button.default\">\n\t\t\t\t<div class=\"elementor-widget-container\">\n\t\t\t\t\t\t\t\t\t<div class=\"elementor-button-wrapper\">\n\t\t\t\t\t<a class=\"elementor-button elementor-button-link elementor-size-sm\" href=\"https:\/\/lieblingsmomentemichi.de\/?page_id=292\">\n\t\t\t\t\t\t<span class=\"elementor-button-content-wrapper\">\n\t\t\t\t\t\t\t\t\t<span class=\"elementor-button-text\">JETZT ANFRAGEN<\/span>\n\t\t\t\t\t<\/span>\n\t\t\t\t\t<\/a>\n\t\t\t\t<\/div>\n\t\t\t\t\t\t\t\t<\/div>\n\t\t\t\t<\/div>\n\t\t\t\t<\/div>\n\t\t\t\t<\/div>\n\t\t\t\t\t<\/div>\n\t\t\t\t<\/div>\n\t\t<div class=\"elementor-element elementor-element-cb97e2c e-flex e-con-boxed e-con e-parent\" data-id=\"cb97e2c\" data-element_type=\"container\">\n\t\t\t\t\t<div class=\"e-con-inner\">\n\t\t\t\t<div class=\"elementor-element elementor-element-7cd7e7b elementor-widget elementor-widget-spacer\" data-id=\"7cd7e7b\" data-element_type=\"widget\" data-widget_type=\"spacer.default\">\n\t\t\t\t<div class=\"elementor-widget-container\">\n\t\t\t\t\t\t\t<div class=\"elementor-spacer\">\n\t\t\t<div class=\"elementor-spacer-inner\"><\/div>\n\t\t<\/div>\n\t\t\t\t\t\t<\/div>\n\t\t\t\t<\/div>\n\t\t\t\t\t<\/div>\n\t\t\t\t<\/div>\n\t\t<div class=\"elementor-element elementor-element-925d956 e-grid e-con-boxed e-con e-parent\" data-id=\"925d956\" data-element_type=\"container\">\n\t\t\t\t\t<div class=\"e-con-inner\">\n\t\t\t\t<div class=\"elementor-element elementor-element-1331aa3 elementor-widget elementor-widget-spacer\" data-id=\"1331aa3\" data-element_type=\"widget\" data-widget_type=\"spacer.default\">\n\t\t\t\t<div class=\"elementor-widget-container\">\n\t\t\t\t\t\t\t<div class=\"elementor-spacer\">\n\t\t\t<div class=\"elementor-spacer-inner\"><\/div>\n\t\t<\/div>\n\t\t\t\t\t\t<\/div>\n\t\t\t\t<\/div>\n\t\t\t\t<div class=\"elementor-element elementor-element-6af02ee elementor-align-center elementor-icon-list--layout-traditional elementor-list-item-link-full_width elementor-widget elementor-widget-icon-list\" data-id=\"6af02ee\" data-element_type=\"widget\" data-widget_type=\"icon-list.default\">\n\t\t\t\t<div class=\"elementor-widget-container\">\n\t\t\t\t\t\t\t<ul class=\"elementor-icon-list-items\">\n\t\t\t\t\t\t\t<li class=\"elementor-icon-list-item\">\n\t\t\t\t\t\t\t\t\t\t\t<span class=\"elementor-icon-list-icon\">\n\t\t\t\t\t\t\t<svg aria-hidden=\"true\" class=\"e-font-icon-svg e-fas-heart\" viewBox=\"0 0 512 512\" xmlns=\"http:\/\/www.w3.org\/2000\/svg\"><path d=\"M462.3 62.6C407.5 15.9 326 24.3 275.7 76.2L256 96.5l-19.7-20.3C186.1 24.3 104.5 15.9 49.7 62.6c-62.8 53.6-66.1 149.8-9.9 207.9l193.5 199.8c12.5 12.9 32.8 12.9 45.3 0l193.5-199.8c56.3-58.1 53-154.3-9.8-207.9z\"><\/path><\/svg>\t\t\t\t\t\t<\/span>\n\t\t\t\t\t\t\t\t\t\t<span class=\"elementor-icon-list-text\">Beim Buchen des Pakets Reportage lang  k\u00f6nnt ihr zus\u00e4tzlich ein Kennenlernshooting f\u00fcr 150\u20ac buchen. Ideal um beispielsweise Bilder f\u00fcr eure Einladungskarten zu machen.<\/span>\n\t\t\t\t\t\t\t\t\t<\/li>\n\t\t\t\t\t\t<\/ul>\n\t\t\t\t\t\t<\/div>\n\t\t\t\t<\/div>\n\t\t\t\t<div class=\"elementor-element elementor-element-d8c751b elementor-widget elementor-widget-spacer\" data-id=\"d8c751b\" data-element_type=\"widget\" data-widget_type=\"spacer.default\">\n\t\t\t\t<div class=\"elementor-widget-container\">\n\t\t\t\t\t\t\t<div class=\"elementor-spacer\">\n\t\t\t<div class=\"elementor-spacer-inner\"><\/div>\n\t\t<\/div>\n\t\t\t\t\t\t<\/div>\n\t\t\t\t<\/div>\n\t\t\t\t\t<\/div>\n\t\t\t\t<\/div>\n\t\t<div class=\"elementor-element elementor-element-6e44637 e-flex e-con-boxed e-con e-parent\" data-id=\"6e44637\" data-element_type=\"container\">\n\t\t\t\t\t<div class=\"e-con-inner\">\n\t\t\t\t\t<\/div>\n\t\t\t\t<\/div>\n\t\t<div class=\"elementor-element elementor-element-712bf61 e-grid e-con-boxed e-con e-parent\" data-id=\"712bf61\" data-element_type=\"container\">\n\t\t\t\t\t<div class=\"e-con-inner\">\n\t\t\t\t<div class=\"elementor-element elementor-element-d3e9a9b elementor-widget elementor-widget-spacer\" data-id=\"d3e9a9b\" data-element_type=\"widget\" data-widget_type=\"spacer.default\">\n\t\t\t\t<div class=\"elementor-widget-container\">\n\t\t\t\t\t\t\t<div class=\"elementor-spacer\">\n\t\t\t<div class=\"elementor-spacer-inner\"><\/div>\n\t\t<\/div>\n\t\t\t\t\t\t<\/div>\n\t\t\t\t<\/div>\n\t\t<div class=\"elementor-element elementor-element-b876e53 e-grid e-con-full e-con e-child\" data-id=\"b876e53\" data-element_type=\"container\" data-settings=\"{&quot;background_background&quot;:&quot;classic&quot;}\">\n\t\t\t\t<div class=\"elementor-element elementor-element-ba2ad5e elementor-widget elementor-widget-image\" data-id=\"ba2ad5e\" data-element_type=\"widget\" data-widget_type=\"image.default\">\n\t\t\t\t<div class=\"elementor-widget-container\">\n\t\t\t\t\t\t\t\t\t\t\t\t\t\t\t<img loading=\"lazy\" decoding=\"async\" width=\"1080\" height=\"1620\" src=\"https:\/\/lieblingsmomentemichi.de\/wp-content\/uploads\/2025\/01\/web1.jpg\" class=\"attachment-full size-full wp-image-996\" alt=\"\" srcset=\"https:\/\/lieblingsmomentemichi.de\/wp-content\/uploads\/2025\/01\/web1.jpg 1080w, https:\/\/lieblingsmomentemichi.de\/wp-content\/uploads\/2025\/01\/web1-200x300.jpg 200w, https:\/\/lieblingsmomentemichi.de\/wp-content\/uploads\/2025\/01\/web1-683x1024.jpg 683w, https:\/\/lieblingsmomentemichi.de\/wp-content\/uploads\/2025\/01\/web1-768x1152.jpg 768w, https:\/\/lieblingsmomentemichi.de\/wp-content\/uploads\/2025\/01\/web1-1024x1536.jpg 1024w\" sizes=\"(max-width: 1080px) 100vw, 1080px\" \/>\t\t\t\t\t\t\t\t\t\t\t\t\t\t\t<\/div>\n\t\t\t\t<\/div>\n\t\t<div class=\"elementor-element elementor-element-d8bd1e5 e-grid e-con-full e-con e-child\" data-id=\"d8bd1e5\" data-element_type=\"container\" data-settings=\"{&quot;background_background&quot;:&quot;classic&quot;}\">\n\t\t\t\t<div class=\"elementor-element elementor-element-32b809e elementor-widget elementor-widget-heading\" data-id=\"32b809e\" data-element_type=\"widget\" data-widget_type=\"heading.default\">\n\t\t\t\t<div class=\"elementor-widget-container\">\n\t\t\t\t\t<h2 class=\"elementor-heading-title elementor-size-default\">GUTSCHEIN<\/h2>\t\t\t\t<\/div>\n\t\t\t\t<\/div>\n\t\t\t\t<div class=\"elementor-element elementor-element-40071da elementor-widget elementor-widget-text-editor\" data-id=\"40071da\" data-element_type=\"widget\" data-widget_type=\"text-editor.default\">\n\t\t\t\t<div class=\"elementor-widget-container\">\n\t\t\t\t\t\t\t\t\t<p>F\u00fcr ein Outdoor Shooting<\/p><p>Zu jedem Gutschein gibt es 5 Prints (13cm x 18 cm) geschenkt.<\/p><p>Diese d\u00fcrft ihr euch nach Erhalt der Online Galerie selbst aussuchen.<\/p><p>300 \u20ac<\/p>\t\t\t\t\t\t\t\t<\/div>\n\t\t\t\t<\/div>\n\t\t\t\t<\/div>\n\t\t\t\t<\/div>\n\t\t\t\t<div class=\"elementor-element elementor-element-400bdb2 elementor-widget elementor-widget-spacer\" data-id=\"400bdb2\" data-element_type=\"widget\" data-widget_type=\"spacer.default\">\n\t\t\t\t<div class=\"elementor-widget-container\">\n\t\t\t\t\t\t\t<div class=\"elementor-spacer\">\n\t\t\t<div class=\"elementor-spacer-inner\"><\/div>\n\t\t<\/div>\n\t\t\t\t\t\t<\/div>\n\t\t\t\t<\/div>\n\t\t\t\t\t<\/div>\n\t\t\t\t<\/div>\n\t\t\t\t<\/div>\n\t\t","protected":false},"excerpt":{"rendered":"<p>LEISTUNGEN OUTDOOR SHOOTING Zum Beispiel: Paare, Babybauch, Portr\u00e4t, Familie &amp; Freunde \u00a0 60 &#8211; 90 Minuten Shooting Alle gelungenen Bilder in meinem Stil bearbeitet Online Galerie zum Download der Bilder Eure Wunschlocation, gerne mache ich auch einen Vorschlag\u00a0 Anfahrt 40 Kilometer inklusive\u00a0 ( &gt; 40 Kilometer 0,50 \u20ac \/ Kilometer) \u00a0 300 \u20ac JETZT ANFRAGEN [&hellip;]<\/p>\n","protected":false},"author":2,"featured_media":0,"parent":0,"menu_order":0,"comment_status":"closed","ping_status":"closed","template":"elementor_header_footer","meta":{"footnotes":""},"class_list":["post-144","page","type-page","status-publish","hentry"],"_links":{"self":[{"href":"https:\/\/lieblingsmomentemichi.de\/index.php?rest_route=\/wp\/v2\/pages\/144","targetHints":{"allow":["GET"]}}],"collection":[{"href":"https:\/\/lieblingsmomentemichi.de\/index.php?rest_route=\/wp\/v2\/pages"}],"about":[{"href":"https:\/\/lieblingsmomentemichi.de\/index.php?rest_route=\/wp\/v2\/types\/page"}],"author":[{"embeddable":true,"href":"https:\/\/lieblingsmomentemichi.de\/index.php?rest_route=\/wp\/v2\/users\/2"}],"replies":[{"embeddable":true,"href":"https:\/\/lieblingsmomentemichi.de\/index.php?rest_route=%2Fwp%2Fv2%2Fcomments&post=144"}],"version-history":[{"count":73,"href":"https:\/\/lieblingsmomentemichi.de\/index.php?rest_route=\/wp\/v2\/pages\/144\/revisions"}],"predecessor-version":[{"id":1837,"href":"https:\/\/lieblingsmomentemichi.de\/index.php?rest_route=\/wp\/v2\/pages\/144\/revisions\/1837"}],"wp:attachment":[{"href":"https:\/\/lieblingsmomentemichi.de\/index.php?rest_route=%2Fwp%2Fv2%2Fmedia&parent=144"}],"curies":[{"name":"wp","href":"https:\/\/api.w.org\/{rel}","templated":true}]}}