{"id":153,"date":"2024-12-08T20:23:18","date_gmt":"2024-12-08T20:23:18","guid":{"rendered":"https:\/\/lieblingsmomentemichi.de\/?page_id=153"},"modified":"2025-02-12T13:49:10","modified_gmt":"2025-02-12T13:49:10","slug":"ueber-mich","status":"publish","type":"page","link":"https:\/\/lieblingsmomentemichi.de\/?page_id=153","title":{"rendered":"\u00dcber mich"},"content":{"rendered":"\t\t<div data-elementor-type=\"wp-page\" data-elementor-id=\"153\" class=\"elementor elementor-153\" data-elementor-post-type=\"page\">\n\t\t\t\t<div class=\"elementor-element elementor-element-c11fa47 e-flex e-con-boxed e-con e-parent\" data-id=\"c11fa47\" data-element_type=\"container\">\n\t\t\t\t\t<div class=\"e-con-inner\">\n\t\t<div class=\"elementor-element elementor-element-917061d e-con-full e-flex e-con e-child\" data-id=\"917061d\" data-element_type=\"container\">\n\t\t\t\t<div class=\"elementor-element elementor-element-5141fbf elementor-widget elementor-widget-image\" data-id=\"5141fbf\" data-element_type=\"widget\" data-widget_type=\"image.default\">\n\t\t\t\t<div class=\"elementor-widget-container\">\n\t\t\t\t\t\t\t\t\t\t\t\t\t\t\t<img fetchpriority=\"high\" decoding=\"async\" width=\"683\" height=\"1024\" src=\"https:\/\/lieblingsmomentemichi.de\/wp-content\/uploads\/2025\/01\/DSC_6258-683x1024.jpg\" class=\"attachment-large size-large wp-image-1299\" alt=\"\" srcset=\"https:\/\/lieblingsmomentemichi.de\/wp-content\/uploads\/2025\/01\/DSC_6258-683x1024.jpg 683w, https:\/\/lieblingsmomentemichi.de\/wp-content\/uploads\/2025\/01\/DSC_6258-200x300.jpg 200w, https:\/\/lieblingsmomentemichi.de\/wp-content\/uploads\/2025\/01\/DSC_6258-768x1151.jpg 768w, https:\/\/lieblingsmomentemichi.de\/wp-content\/uploads\/2025\/01\/DSC_6258-1025x1536.jpg 1025w, https:\/\/lieblingsmomentemichi.de\/wp-content\/uploads\/2025\/01\/DSC_6258-1367x2048.jpg 1367w, https:\/\/lieblingsmomentemichi.de\/wp-content\/uploads\/2025\/01\/DSC_6258-scaled.jpg 1709w\" sizes=\"(max-width: 683px) 100vw, 683px\" \/>\t\t\t\t\t\t\t\t\t\t\t\t\t\t\t<\/div>\n\t\t\t\t<\/div>\n\t\t\t\t<\/div>\n\t\t<div class=\"elementor-element elementor-element-ac6cc64 e-con-full e-flex e-con e-child\" data-id=\"ac6cc64\" data-element_type=\"container\">\n\t\t<div class=\"elementor-element elementor-element-a54e6e3 e-grid e-con-full e-con e-child\" data-id=\"a54e6e3\" data-element_type=\"container\">\n\t\t\t\t<div class=\"elementor-element elementor-element-5479e1a elementor-widget elementor-widget-heading\" data-id=\"5479e1a\" data-element_type=\"widget\" data-widget_type=\"heading.default\">\n\t\t\t\t<div class=\"elementor-widget-container\">\n\t\t\t\t\t<h2 class=\"elementor-heading-title elementor-size-default\">Hi, ich bin Michi.<\/h2>\t\t\t\t<\/div>\n\t\t\t\t<\/div>\n\t\t\t\t<div class=\"elementor-element elementor-element-ec5d1da elementor-widget elementor-widget-text-editor\" data-id=\"ec5d1da\" data-element_type=\"widget\" data-widget_type=\"text-editor.default\">\n\t\t\t\t<div class=\"elementor-widget-container\">\n\t\t\t\t\t\t\t\t\t<div class=\"texteditor-inline-lineheight\"><p>Alles begann, als meine gro\u00dfe Schwester zu Weihnachten eine Digitalkamera geschenkt bekommen hat. Ich lieh mir die Kamera immer wieder aus, um Fotos zu machen. Nat\u00fcrlich wollte ich bald darauf eine eigene Kamera. Ab diesem Zeitpunkt gab es f\u00fcr mich kein Halten mehr \u2013 ich fotografierte alles und jeden. Bei jedem Ausflug, jeder Feier und jedem besonderen Moment sorgte ich f\u00fcr Bildmaterial.<\/p><p>Nach einigen Jahren erhielt ich die erste Anfrage aus dem Freundeskreis: Ob ich bei einer standesamtlichen Hochzeit Fotos machen k\u00f6nnte. Mit der Zeit kamen weitere Anfragen, und immer mehr Menschen aus dem Bekanntenkreis baten mich, ihre besonderen Augenblicke zu dokumentieren.<\/p><p>Diese wachsende Nachfrage f\u00fchrte dazu, dass ich mich entschied, nebenberuflich als Fotografin zu arbeiten \u2013 und ich bin unglaublich dankbar, wie sich alles entwickelt hat. F\u00fcr mich gibt es nichts Sch\u00f6neres, als die kleinen und gro\u00dfen Momente des Lebens in Bildern einzufangen. Es ist mir eine Freude, eure Lieblingsmomente festzuhalten, weil ich wei\u00df, dass diese Bilder euch ein Leben lang begleiten werden und die Emotionen, die Liebe und die Freude immer wieder aufleben lassen.<\/p><\/div>\t\t\t\t\t\t\t\t<\/div>\n\t\t\t\t<\/div>\n\t\t\t\t<\/div>\n\t\t\t\t<\/div>\n\t\t\t\t\t<\/div>\n\t\t\t\t<\/div>\n\t\t<div class=\"elementor-element elementor-element-2b8ce82 e-flex e-con-boxed e-con e-parent\" data-id=\"2b8ce82\" data-element_type=\"container\">\n\t\t\t\t\t<div class=\"e-con-inner\">\n\t\t\t\t<div class=\"elementor-element elementor-element-a63195d elementor-widget elementor-widget-spacer\" data-id=\"a63195d\" data-element_type=\"widget\" data-widget_type=\"spacer.default\">\n\t\t\t\t<div class=\"elementor-widget-container\">\n\t\t\t\t\t\t\t<div class=\"elementor-spacer\">\n\t\t\t<div class=\"elementor-spacer-inner\"><\/div>\n\t\t<\/div>\n\t\t\t\t\t\t<\/div>\n\t\t\t\t<\/div>\n\t\t\t\t\t<\/div>\n\t\t\t\t<\/div>\n\t\t<div class=\"elementor-element elementor-element-b0ced59 e-grid e-con-boxed e-con e-parent\" data-id=\"b0ced59\" data-element_type=\"container\">\n\t\t\t\t\t<div class=\"e-con-inner\">\n\t\t\t\t<div class=\"elementor-element elementor-element-92109fc elementor-widget elementor-widget-image\" data-id=\"92109fc\" data-element_type=\"widget\" data-widget_type=\"image.default\">\n\t\t\t\t<div class=\"elementor-widget-container\">\n\t\t\t\t\t\t\t\t\t\t\t\t\t\t\t<img decoding=\"async\" width=\"800\" height=\"533\" src=\"https:\/\/lieblingsmomentemichi.de\/wp-content\/uploads\/2025\/02\/DSC_5989-1024x682.jpg\" class=\"attachment-large size-large wp-image-1320\" alt=\"\" srcset=\"https:\/\/lieblingsmomentemichi.de\/wp-content\/uploads\/2025\/02\/DSC_5989-1024x682.jpg 1024w, https:\/\/lieblingsmomentemichi.de\/wp-content\/uploads\/2025\/02\/DSC_5989-300x200.jpg 300w, https:\/\/lieblingsmomentemichi.de\/wp-content\/uploads\/2025\/02\/DSC_5989-768x512.jpg 768w, https:\/\/lieblingsmomentemichi.de\/wp-content\/uploads\/2025\/02\/DSC_5989-1536x1023.jpg 1536w, https:\/\/lieblingsmomentemichi.de\/wp-content\/uploads\/2025\/02\/DSC_5989.jpg 1920w\" sizes=\"(max-width: 800px) 100vw, 800px\" \/>\t\t\t\t\t\t\t\t\t\t\t\t\t\t\t<\/div>\n\t\t\t\t<\/div>\n\t\t\t\t<div class=\"elementor-element elementor-element-42e4718 elementor-widget elementor-widget-image\" data-id=\"42e4718\" data-element_type=\"widget\" data-widget_type=\"image.default\">\n\t\t\t\t<div class=\"elementor-widget-container\">\n\t\t\t\t\t\t\t\t\t\t\t\t\t\t\t<img decoding=\"async\" width=\"800\" height=\"534\" src=\"https:\/\/lieblingsmomentemichi.de\/wp-content\/uploads\/2025\/02\/DSC_9751-1024x683.jpg\" class=\"attachment-large size-large wp-image-1321\" alt=\"\" srcset=\"https:\/\/lieblingsmomentemichi.de\/wp-content\/uploads\/2025\/02\/DSC_9751-1024x683.jpg 1024w, https:\/\/lieblingsmomentemichi.de\/wp-content\/uploads\/2025\/02\/DSC_9751-300x200.jpg 300w, https:\/\/lieblingsmomentemichi.de\/wp-content\/uploads\/2025\/02\/DSC_9751-768x512.jpg 768w, https:\/\/lieblingsmomentemichi.de\/wp-content\/uploads\/2025\/02\/DSC_9751-1536x1024.jpg 1536w, https:\/\/lieblingsmomentemichi.de\/wp-content\/uploads\/2025\/02\/DSC_9751.jpg 1920w\" sizes=\"(max-width: 800px) 100vw, 800px\" \/>\t\t\t\t\t\t\t\t\t\t\t\t\t\t\t<\/div>\n\t\t\t\t<\/div>\n\t\t\t\t\t<\/div>\n\t\t\t\t<\/div>\n\t\t<div class=\"elementor-element elementor-element-86e3a70 e-flex e-con-boxed e-con e-parent\" data-id=\"86e3a70\" data-element_type=\"container\">\n\t\t\t\t\t<div class=\"e-con-inner\">\n\t\t\t\t<div class=\"elementor-element elementor-element-fbc24f6 elementor-widget elementor-widget-spacer\" data-id=\"fbc24f6\" data-element_type=\"widget\" data-widget_type=\"spacer.default\">\n\t\t\t\t<div class=\"elementor-widget-container\">\n\t\t\t\t\t\t\t<div class=\"elementor-spacer\">\n\t\t\t<div class=\"elementor-spacer-inner\"><\/div>\n\t\t<\/div>\n\t\t\t\t\t\t<\/div>\n\t\t\t\t<\/div>\n\t\t\t\t\t<\/div>\n\t\t\t\t<\/div>\n\t\t<div class=\"elementor-element elementor-element-2e1e01e e-flex e-con-boxed e-con e-parent\" data-id=\"2e1e01e\" data-element_type=\"container\">\n\t\t\t\t\t<div class=\"e-con-inner\">\n\t\t<div class=\"elementor-element elementor-element-06428d1 e-grid e-con-full e-con e-child\" data-id=\"06428d1\" data-element_type=\"container\">\n\t\t\t\t<div class=\"elementor-element elementor-element-fdcabcd elementor-widget elementor-widget-heading\" data-id=\"fdcabcd\" data-element_type=\"widget\" data-widget_type=\"heading.default\">\n\t\t\t\t<div class=\"elementor-widget-container\">\n\t\t\t\t\t<h2 class=\"elementor-heading-title elementor-size-default\">EIN PAAR FAKTEN \u00dcBER MICH<\/h2>\t\t\t\t<\/div>\n\t\t\t\t<\/div>\n\t\t\t\t<\/div>\n\t\t\t\t\t<\/div>\n\t\t\t\t<\/div>\n\t\t<div class=\"elementor-element elementor-element-ec2c315 e-grid e-con-boxed e-con e-parent\" data-id=\"ec2c315\" data-element_type=\"container\">\n\t\t\t\t\t<div class=\"e-con-inner\">\n\t\t\t\t<div class=\"elementor-element elementor-element-41f1344 elementor-widget elementor-widget-spacer\" data-id=\"41f1344\" data-element_type=\"widget\" data-widget_type=\"spacer.default\">\n\t\t\t\t<div class=\"elementor-widget-container\">\n\t\t\t\t\t\t\t<div class=\"elementor-spacer\">\n\t\t\t<div class=\"elementor-spacer-inner\"><\/div>\n\t\t<\/div>\n\t\t\t\t\t\t<\/div>\n\t\t\t\t<\/div>\n\t\t\t\t<div class=\"elementor-element elementor-element-6404b2a elementor-align-left elementor-icon-list--layout-traditional elementor-list-item-link-full_width elementor-widget elementor-widget-icon-list\" data-id=\"6404b2a\" data-element_type=\"widget\" data-widget_type=\"icon-list.default\">\n\t\t\t\t<div class=\"elementor-widget-container\">\n\t\t\t\t\t\t\t<ul class=\"elementor-icon-list-items\">\n\t\t\t\t\t\t\t<li class=\"elementor-icon-list-item\">\n\t\t\t\t\t\t\t\t\t\t\t<span class=\"elementor-icon-list-icon\">\n\t\t\t\t\t\t\t<svg aria-hidden=\"true\" class=\"e-font-icon-svg e-fas-circle\" viewBox=\"0 0 512 512\" xmlns=\"http:\/\/www.w3.org\/2000\/svg\"><path d=\"M256 8C119 8 8 119 8 256s111 248 248 248 248-111 248-248S393 8 256 8z\"><\/path><\/svg>\t\t\t\t\t\t<\/span>\n\t\t\t\t\t\t\t\t\t\t<span class=\"elementor-icon-list-text\">Ich reise gerne und Reisefotografie z\u00e4hlt zu meinen Hobbys <\/span>\n\t\t\t\t\t\t\t\t\t<\/li>\n\t\t\t\t\t\t\t\t<li class=\"elementor-icon-list-item\">\n\t\t\t\t\t\t\t\t\t\t\t<span class=\"elementor-icon-list-icon\">\n\t\t\t\t\t\t\t<svg aria-hidden=\"true\" class=\"e-font-icon-svg e-fas-circle\" viewBox=\"0 0 512 512\" xmlns=\"http:\/\/www.w3.org\/2000\/svg\"><path d=\"M256 8C119 8 8 119 8 256s111 248 248 248 248-111 248-248S393 8 256 8z\"><\/path><\/svg>\t\t\t\t\t\t<\/span>\n\t\t\t\t\t\t\t\t\t\t<span class=\"elementor-icon-list-text\">Seit meinem 10ten Lebensjahr spiele ich Fu\u00dfball<\/span>\n\t\t\t\t\t\t\t\t\t<\/li>\n\t\t\t\t\t\t\t\t<li class=\"elementor-icon-list-item\">\n\t\t\t\t\t\t\t\t\t\t\t<span class=\"elementor-icon-list-icon\">\n\t\t\t\t\t\t\t<svg aria-hidden=\"true\" class=\"e-font-icon-svg e-fas-circle\" viewBox=\"0 0 512 512\" xmlns=\"http:\/\/www.w3.org\/2000\/svg\"><path d=\"M256 8C119 8 8 119 8 256s111 248 248 248 248-111 248-248S393 8 256 8z\"><\/path><\/svg>\t\t\t\t\t\t<\/span>\n\t\t\t\t\t\t\t\t\t\t<span class=\"elementor-icon-list-text\">Ich habe 8 Jahre lang als Kellnerin auf dem Oktoberfest gearbeitet<\/span>\n\t\t\t\t\t\t\t\t\t<\/li>\n\t\t\t\t\t\t\t\t<li class=\"elementor-icon-list-item\">\n\t\t\t\t\t\t\t\t\t\t\t<span class=\"elementor-icon-list-icon\">\n\t\t\t\t\t\t\t<svg aria-hidden=\"true\" class=\"e-font-icon-svg e-fas-circle\" viewBox=\"0 0 512 512\" xmlns=\"http:\/\/www.w3.org\/2000\/svg\"><path d=\"M256 8C119 8 8 119 8 256s111 248 248 248 248-111 248-248S393 8 256 8z\"><\/path><\/svg>\t\t\t\t\t\t<\/span>\n\t\t\t\t\t\t\t\t\t\t<span class=\"elementor-icon-list-text\">Hauptberuflich arbeite ich in einem Verlag f\u00fcr Kalender und Gl\u00fcckwunschkarten<\/span>\n\t\t\t\t\t\t\t\t\t<\/li>\n\t\t\t\t\t\t\t\t<li class=\"elementor-icon-list-item\">\n\t\t\t\t\t\t\t\t\t\t\t<span class=\"elementor-icon-list-icon\">\n\t\t\t\t\t\t\t<svg aria-hidden=\"true\" class=\"e-font-icon-svg e-fas-circle\" viewBox=\"0 0 512 512\" xmlns=\"http:\/\/www.w3.org\/2000\/svg\"><path d=\"M256 8C119 8 8 119 8 256s111 248 248 248 248-111 248-248S393 8 256 8z\"><\/path><\/svg>\t\t\t\t\t\t<\/span>\n\t\t\t\t\t\t\t\t\t\t<span class=\"elementor-icon-list-text\">Ich habe 4 Geschwister <\/span>\n\t\t\t\t\t\t\t\t\t<\/li>\n\t\t\t\t\t\t\t\t<li class=\"elementor-icon-list-item\">\n\t\t\t\t\t\t\t\t\t\t\t<span class=\"elementor-icon-list-icon\">\n\t\t\t\t\t\t\t<svg aria-hidden=\"true\" class=\"e-font-icon-svg e-fas-circle\" viewBox=\"0 0 512 512\" xmlns=\"http:\/\/www.w3.org\/2000\/svg\"><path d=\"M256 8C119 8 8 119 8 256s111 248 248 248 248-111 248-248S393 8 256 8z\"><\/path><\/svg>\t\t\t\t\t\t<\/span>\n\t\t\t\t\t\t\t\t\t\t<span class=\"elementor-icon-list-text\">Ich liebe Tiere und habe selber einen Kater names Muzl<\/span>\n\t\t\t\t\t\t\t\t\t<\/li>\n\t\t\t\t\t\t\t\t<li class=\"elementor-icon-list-item\">\n\t\t\t\t\t\t\t\t\t\t\t<span class=\"elementor-icon-list-icon\">\n\t\t\t\t\t\t\t<svg aria-hidden=\"true\" class=\"e-font-icon-svg e-fas-circle\" viewBox=\"0 0 512 512\" xmlns=\"http:\/\/www.w3.org\/2000\/svg\"><path d=\"M256 8C119 8 8 119 8 256s111 248 248 248 248-111 248-248S393 8 256 8z\"><\/path><\/svg>\t\t\t\t\t\t<\/span>\n\t\t\t\t\t\t\t\t\t\t<span class=\"elementor-icon-list-text\">Meine Freizeit verbringe ich gerne mit Freunden und bin viel unterwegs <\/span>\n\t\t\t\t\t\t\t\t\t<\/li>\n\t\t\t\t\t\t\t\t<li class=\"elementor-icon-list-item\">\n\t\t\t\t\t\t\t\t\t\t\t<span class=\"elementor-icon-list-icon\">\n\t\t\t\t\t\t\t<svg aria-hidden=\"true\" class=\"e-font-icon-svg e-fas-circle\" viewBox=\"0 0 512 512\" xmlns=\"http:\/\/www.w3.org\/2000\/svg\"><path d=\"M256 8C119 8 8 119 8 256s111 248 248 248 248-111 248-248S393 8 256 8z\"><\/path><\/svg>\t\t\t\t\t\t<\/span>\n\t\t\t\t\t\t\t\t\t\t<span class=\"elementor-icon-list-text\">Ich wohne zusammen mit meinem Freund in einem kleinen Ort mit 13 Einwohnern <\/span>\n\t\t\t\t\t\t\t\t\t<\/li>\n\t\t\t\t\t\t<\/ul>\n\t\t\t\t\t\t<\/div>\n\t\t\t\t<\/div>\n\t\t\t\t<div class=\"elementor-element elementor-element-57164d1 elementor-widget elementor-widget-spacer\" data-id=\"57164d1\" data-element_type=\"widget\" data-widget_type=\"spacer.default\">\n\t\t\t\t<div class=\"elementor-widget-container\">\n\t\t\t\t\t\t\t<div class=\"elementor-spacer\">\n\t\t\t<div class=\"elementor-spacer-inner\"><\/div>\n\t\t<\/div>\n\t\t\t\t\t\t<\/div>\n\t\t\t\t<\/div>\n\t\t\t\t\t<\/div>\n\t\t\t\t<\/div>\n\t\t<div class=\"elementor-element elementor-element-d3639be e-flex e-con-boxed e-con e-parent\" data-id=\"d3639be\" data-element_type=\"container\">\n\t\t\t\t\t<div class=\"e-con-inner\">\n\t\t\t\t<div class=\"elementor-element elementor-element-fe6bb85 elementor-widget elementor-widget-spacer\" data-id=\"fe6bb85\" data-element_type=\"widget\" data-widget_type=\"spacer.default\">\n\t\t\t\t<div class=\"elementor-widget-container\">\n\t\t\t\t\t\t\t<div class=\"elementor-spacer\">\n\t\t\t<div class=\"elementor-spacer-inner\"><\/div>\n\t\t<\/div>\n\t\t\t\t\t\t<\/div>\n\t\t\t\t<\/div>\n\t\t\t\t\t<\/div>\n\t\t\t\t<\/div>\n\t\t<div class=\"elementor-element elementor-element-c8ed1fa e-grid e-con-boxed e-con e-parent\" data-id=\"c8ed1fa\" data-element_type=\"container\">\n\t\t\t\t\t<div class=\"e-con-inner\">\n\t\t\t\t<div class=\"elementor-element elementor-element-c640744 elementor-widget elementor-widget-image\" data-id=\"c640744\" data-element_type=\"widget\" data-widget_type=\"image.default\">\n\t\t\t\t<div class=\"elementor-widget-container\">\n\t\t\t\t\t\t\t\t\t\t\t\t\t\t\t<img loading=\"lazy\" decoding=\"async\" width=\"683\" height=\"1024\" src=\"https:\/\/lieblingsmomentemichi.de\/wp-content\/uploads\/2025\/02\/DSC_4836-Verbessert-RR-683x1024.jpg\" class=\"attachment-large size-large wp-image-1316\" alt=\"\" srcset=\"https:\/\/lieblingsmomentemichi.de\/wp-content\/uploads\/2025\/02\/DSC_4836-Verbessert-RR-683x1024.jpg 683w, https:\/\/lieblingsmomentemichi.de\/wp-content\/uploads\/2025\/02\/DSC_4836-Verbessert-RR-200x300.jpg 200w, https:\/\/lieblingsmomentemichi.de\/wp-content\/uploads\/2025\/02\/DSC_4836-Verbessert-RR-768x1152.jpg 768w, https:\/\/lieblingsmomentemichi.de\/wp-content\/uploads\/2025\/02\/DSC_4836-Verbessert-RR-1024x1536.jpg 1024w, https:\/\/lieblingsmomentemichi.de\/wp-content\/uploads\/2025\/02\/DSC_4836-Verbessert-RR.jpg 1080w\" sizes=\"(max-width: 683px) 100vw, 683px\" \/>\t\t\t\t\t\t\t\t\t\t\t\t\t\t\t<\/div>\n\t\t\t\t<\/div>\n\t\t\t\t<div class=\"elementor-element elementor-element-29a25c0 elementor-widget elementor-widget-image\" data-id=\"29a25c0\" data-element_type=\"widget\" data-widget_type=\"image.default\">\n\t\t\t\t<div class=\"elementor-widget-container\">\n\t\t\t\t\t\t\t\t\t\t\t\t\t\t\t<img loading=\"lazy\" decoding=\"async\" width=\"682\" height=\"1024\" src=\"https:\/\/lieblingsmomentemichi.de\/wp-content\/uploads\/2025\/02\/DSC_5583-4-682x1024.jpg\" class=\"attachment-large size-large wp-image-1318\" alt=\"\" srcset=\"https:\/\/lieblingsmomentemichi.de\/wp-content\/uploads\/2025\/02\/DSC_5583-4-682x1024.jpg 682w, https:\/\/lieblingsmomentemichi.de\/wp-content\/uploads\/2025\/02\/DSC_5583-4-200x300.jpg 200w, https:\/\/lieblingsmomentemichi.de\/wp-content\/uploads\/2025\/02\/DSC_5583-4-768x1153.jpg 768w, https:\/\/lieblingsmomentemichi.de\/wp-content\/uploads\/2025\/02\/DSC_5583-4-1023x1536.jpg 1023w, https:\/\/lieblingsmomentemichi.de\/wp-content\/uploads\/2025\/02\/DSC_5583-4.jpg 1279w\" sizes=\"(max-width: 682px) 100vw, 682px\" \/>\t\t\t\t\t\t\t\t\t\t\t\t\t\t\t<\/div>\n\t\t\t\t<\/div>\n\t\t\t\t<div class=\"elementor-element elementor-element-e9df075 elementor-widget elementor-widget-image\" data-id=\"e9df075\" data-element_type=\"widget\" data-widget_type=\"image.default\">\n\t\t\t\t<div class=\"elementor-widget-container\">\n\t\t\t\t\t\t\t\t\t\t\t\t\t\t\t<img loading=\"lazy\" decoding=\"async\" width=\"683\" height=\"1024\" src=\"https:\/\/lieblingsmomentemichi.de\/wp-content\/uploads\/2025\/02\/DSC_3263-Verbessert-RR-683x1024.jpg\" class=\"attachment-large size-large wp-image-1319\" alt=\"\" srcset=\"https:\/\/lieblingsmomentemichi.de\/wp-content\/uploads\/2025\/02\/DSC_3263-Verbessert-RR-683x1024.jpg 683w, https:\/\/lieblingsmomentemichi.de\/wp-content\/uploads\/2025\/02\/DSC_3263-Verbessert-RR-200x300.jpg 200w, https:\/\/lieblingsmomentemichi.de\/wp-content\/uploads\/2025\/02\/DSC_3263-Verbessert-RR-768x1152.jpg 768w, https:\/\/lieblingsmomentemichi.de\/wp-content\/uploads\/2025\/02\/DSC_3263-Verbessert-RR-1024x1536.jpg 1024w, https:\/\/lieblingsmomentemichi.de\/wp-content\/uploads\/2025\/02\/DSC_3263-Verbessert-RR.jpg 1080w\" sizes=\"(max-width: 683px) 100vw, 683px\" \/>\t\t\t\t\t\t\t\t\t\t\t\t\t\t\t<\/div>\n\t\t\t\t<\/div>\n\t\t\t\t\t<\/div>\n\t\t\t\t<\/div>\n\t\t\t\t<\/div>\n\t\t","protected":false},"excerpt":{"rendered":"<p>Hi, ich bin Michi. Alles begann, als meine gro\u00dfe Schwester zu Weihnachten eine Digitalkamera geschenkt bekommen hat. Ich lieh mir die Kamera immer wieder aus, um Fotos zu machen. Nat\u00fcrlich wollte ich bald darauf eine eigene Kamera. Ab diesem Zeitpunkt gab es f\u00fcr mich kein Halten mehr \u2013 ich fotografierte alles und jeden. Bei jedem [&hellip;]<\/p>\n","protected":false},"author":2,"featured_media":0,"parent":0,"menu_order":0,"comment_status":"closed","ping_status":"closed","template":"","meta":{"footnotes":""},"class_list":["post-153","page","type-page","status-publish","hentry"],"_links":{"self":[{"href":"https:\/\/lieblingsmomentemichi.de\/index.php?rest_route=\/wp\/v2\/pages\/153","targetHints":{"allow":["GET"]}}],"collection":[{"href":"https:\/\/lieblingsmomentemichi.de\/index.php?rest_route=\/wp\/v2\/pages"}],"about":[{"href":"https:\/\/lieblingsmomentemichi.de\/index.php?rest_route=\/wp\/v2\/types\/page"}],"author":[{"embeddable":true,"href":"https:\/\/lieblingsmomentemichi.de\/index.php?rest_route=\/wp\/v2\/users\/2"}],"replies":[{"embeddable":true,"href":"https:\/\/lieblingsmomentemichi.de\/index.php?rest_route=%2Fwp%2Fv2%2Fcomments&post=153"}],"version-history":[{"count":16,"href":"https:\/\/lieblingsmomentemichi.de\/index.php?rest_route=\/wp\/v2\/pages\/153\/revisions"}],"predecessor-version":[{"id":1327,"href":"https:\/\/lieblingsmomentemichi.de\/index.php?rest_route=\/wp\/v2\/pages\/153\/revisions\/1327"}],"wp:attachment":[{"href":"https:\/\/lieblingsmomentemichi.de\/index.php?rest_route=%2Fwp%2Fv2%2Fmedia&parent=153"}],"curies":[{"name":"wp","href":"https:\/\/api.w.org\/{rel}","templated":true}]}}