{"id":155,"date":"2024-12-08T20:24:54","date_gmt":"2024-12-08T20:24:54","guid":{"rendered":"https:\/\/lieblingsmomentemichi.de\/?page_id=155"},"modified":"2026-02-05T18:00:30","modified_gmt":"2026-02-05T18:00:30","slug":"galerie","status":"publish","type":"page","link":"https:\/\/lieblingsmomentemichi.de\/?page_id=155","title":{"rendered":"Galerie"},"content":{"rendered":"\t\t<div data-elementor-type=\"wp-page\" data-elementor-id=\"155\" class=\"elementor elementor-155\" data-elementor-post-type=\"page\">\n\t\t\t\t<div class=\"elementor-element elementor-element-10f17b1 e-grid e-con-full e-con e-parent\" data-id=\"10f17b1\" data-element_type=\"container\">\n\t\t\t\t<div class=\"elementor-element elementor-element-b5d9348 elementor-widget__width-initial elementor-widget elementor-widget-image\" data-id=\"b5d9348\" data-element_type=\"widget\" data-widget_type=\"image.default\">\n\t\t\t\t<div class=\"elementor-widget-container\">\n\t\t\t\t\t\t\t\t\t\t\t\t\t\t\t\t<a href=\"https:\/\/lieblingsmomentemichi.de\/?page_id=194\">\n\t\t\t\t\t\t\t<img fetchpriority=\"high\" decoding=\"async\" width=\"683\" height=\"1024\" src=\"https:\/\/lieblingsmomentemichi.de\/wp-content\/uploads\/2026\/02\/MR-Hochzeit-2025-98-683x1024.jpg\" class=\"attachment-large size-large wp-image-1547\" alt=\"\" srcset=\"https:\/\/lieblingsmomentemichi.de\/wp-content\/uploads\/2026\/02\/MR-Hochzeit-2025-98-683x1024.jpg 683w, https:\/\/lieblingsmomentemichi.de\/wp-content\/uploads\/2026\/02\/MR-Hochzeit-2025-98-200x300.jpg 200w, https:\/\/lieblingsmomentemichi.de\/wp-content\/uploads\/2026\/02\/MR-Hochzeit-2025-98-768x1152.jpg 768w, https:\/\/lieblingsmomentemichi.de\/wp-content\/uploads\/2026\/02\/MR-Hochzeit-2025-98-1024x1536.jpg 1024w, https:\/\/lieblingsmomentemichi.de\/wp-content\/uploads\/2026\/02\/MR-Hochzeit-2025-98.jpg 1365w\" sizes=\"(max-width: 683px) 100vw, 683px\" \/>\t\t\t\t\t\t\t\t<\/a>\n\t\t\t\t\t\t\t\t\t\t\t\t\t\t\t<\/div>\n\t\t\t\t<\/div>\n\t\t<div class=\"elementor-element elementor-element-adf222c e-con-full e-flex e-con e-child\" data-id=\"adf222c\" data-element_type=\"container\">\n\t\t\t\t<div class=\"elementor-element elementor-element-da0006c elementor-widget elementor-widget-heading\" data-id=\"da0006c\" data-element_type=\"widget\" data-widget_type=\"heading.default\">\n\t\t\t\t<div class=\"elementor-widget-container\">\n\t\t\t\t\t<h2 class=\"elementor-heading-title elementor-size-default\">HOCHZEITEN<\/h2>\t\t\t\t<\/div>\n\t\t\t\t<\/div>\n\t\t\t\t<div class=\"elementor-element elementor-element-7d9f3d0 elementor-widget elementor-widget-text-editor\" data-id=\"7d9f3d0\" data-element_type=\"widget\" data-widget_type=\"text-editor.default\">\n\t\t\t\t<div class=\"elementor-widget-container\">\n\t\t\t\t\t\t\t\t\t<p>Standesamt, freie oder kirchliche Trauung &#8211; ich halte euren gro\u00dfen Tag f\u00fcr euch fest.<\/p>\t\t\t\t\t\t\t\t<\/div>\n\t\t\t\t<\/div>\n\t\t\t\t<\/div>\n\t\t\t\t<div class=\"elementor-element elementor-element-8b30d3a elementor-widget elementor-widget-image\" data-id=\"8b30d3a\" data-element_type=\"widget\" data-widget_type=\"image.default\">\n\t\t\t\t<div class=\"elementor-widget-container\">\n\t\t\t\t\t\t\t\t\t\t\t\t\t\t\t\t<a href=\"https:\/\/lieblingsmomentemichi.de\/?page_id=221\">\n\t\t\t\t\t\t\t<img decoding=\"async\" width=\"683\" height=\"1024\" src=\"https:\/\/lieblingsmomentemichi.de\/wp-content\/uploads\/2026\/02\/CL-Babybauch-2025-180_websize-683x1024.jpg\" class=\"attachment-large size-large wp-image-1762\" alt=\"\" srcset=\"https:\/\/lieblingsmomentemichi.de\/wp-content\/uploads\/2026\/02\/CL-Babybauch-2025-180_websize-683x1024.jpg 683w, https:\/\/lieblingsmomentemichi.de\/wp-content\/uploads\/2026\/02\/CL-Babybauch-2025-180_websize-200x300.jpg 200w, https:\/\/lieblingsmomentemichi.de\/wp-content\/uploads\/2026\/02\/CL-Babybauch-2025-180_websize-768x1152.jpg 768w, https:\/\/lieblingsmomentemichi.de\/wp-content\/uploads\/2026\/02\/CL-Babybauch-2025-180_websize-1024x1536.jpg 1024w, https:\/\/lieblingsmomentemichi.de\/wp-content\/uploads\/2026\/02\/CL-Babybauch-2025-180_websize.jpg 1365w\" sizes=\"(max-width: 683px) 100vw, 683px\" \/>\t\t\t\t\t\t\t\t<\/a>\n\t\t\t\t\t\t\t\t\t\t\t\t\t\t\t<\/div>\n\t\t\t\t<\/div>\n\t\t<div class=\"elementor-element elementor-element-0de9c20 e-con-full e-flex e-con e-child\" data-id=\"0de9c20\" data-element_type=\"container\">\n\t\t\t\t<div class=\"elementor-element elementor-element-02272d7 elementor-widget elementor-widget-heading\" data-id=\"02272d7\" data-element_type=\"widget\" data-widget_type=\"heading.default\">\n\t\t\t\t<div class=\"elementor-widget-container\">\n\t\t\t\t\t<h2 class=\"elementor-heading-title elementor-size-default\">BABYBAUCH<\/h2>\t\t\t\t<\/div>\n\t\t\t\t<\/div>\n\t\t\t\t<div class=\"elementor-element elementor-element-f32d4a8 elementor-widget elementor-widget-text-editor\" data-id=\"f32d4a8\" data-element_type=\"widget\" data-widget_type=\"text-editor.default\">\n\t\t\t\t<div class=\"elementor-widget-container\">\n\t\t\t\t\t\t\t\t\t<p>Was gibt es sch\u00f6neres als die Vorfreude auf euer Baby? Ich fange diese besondere Zeit f\u00fcr euch ein.<\/p>\t\t\t\t\t\t\t\t<\/div>\n\t\t\t\t<\/div>\n\t\t\t\t<\/div>\n\t\t\t\t<div class=\"elementor-element elementor-element-0e24e3f elementor-widget elementor-widget-image\" data-id=\"0e24e3f\" data-element_type=\"widget\" data-widget_type=\"image.default\">\n\t\t\t\t<div class=\"elementor-widget-container\">\n\t\t\t\t\t\t\t\t\t\t\t\t\t\t\t\t<a href=\"https:\/\/lieblingsmomentemichi.de\/?page_id=196\">\n\t\t\t\t\t\t\t<img decoding=\"async\" width=\"683\" height=\"1024\" src=\"https:\/\/lieblingsmomentemichi.de\/wp-content\/uploads\/2026\/02\/MD-2025-248_websize-683x1024.jpg\" class=\"attachment-large size-large wp-image-1761\" alt=\"\" srcset=\"https:\/\/lieblingsmomentemichi.de\/wp-content\/uploads\/2026\/02\/MD-2025-248_websize-683x1024.jpg 683w, https:\/\/lieblingsmomentemichi.de\/wp-content\/uploads\/2026\/02\/MD-2025-248_websize-200x300.jpg 200w, https:\/\/lieblingsmomentemichi.de\/wp-content\/uploads\/2026\/02\/MD-2025-248_websize-768x1152.jpg 768w, https:\/\/lieblingsmomentemichi.de\/wp-content\/uploads\/2026\/02\/MD-2025-248_websize-1024x1536.jpg 1024w, https:\/\/lieblingsmomentemichi.de\/wp-content\/uploads\/2026\/02\/MD-2025-248_websize.jpg 1365w\" sizes=\"(max-width: 683px) 100vw, 683px\" \/>\t\t\t\t\t\t\t\t<\/a>\n\t\t\t\t\t\t\t\t\t\t\t\t\t\t\t<\/div>\n\t\t\t\t<\/div>\n\t\t<div class=\"elementor-element elementor-element-76e5f0e e-con-full e-flex e-con e-child\" data-id=\"76e5f0e\" data-element_type=\"container\">\n\t\t\t\t<div class=\"elementor-element elementor-element-d96f195 elementor-widget elementor-widget-heading\" data-id=\"d96f195\" data-element_type=\"widget\" data-widget_type=\"heading.default\">\n\t\t\t\t<div class=\"elementor-widget-container\">\n\t\t\t\t\t<h2 class=\"elementor-heading-title elementor-size-default\">PAARE<\/h2>\t\t\t\t<\/div>\n\t\t\t\t<\/div>\n\t\t\t\t<div class=\"elementor-element elementor-element-af7548a elementor-widget elementor-widget-text-editor\" data-id=\"af7548a\" data-element_type=\"widget\" data-widget_type=\"text-editor.default\">\n\t\t\t\t<div class=\"elementor-widget-container\">\n\t\t\t\t\t\t\t\t\t<p>Liebe muss nicht perfekt sein sondern echt. Ich verewige eure Liebesgeschichte in Bildern.<\/p>\t\t\t\t\t\t\t\t<\/div>\n\t\t\t\t<\/div>\n\t\t\t\t<\/div>\n\t\t\t\t<div class=\"elementor-element elementor-element-cd47150 elementor-widget elementor-widget-image\" data-id=\"cd47150\" data-element_type=\"widget\" data-widget_type=\"image.default\">\n\t\t\t\t<div class=\"elementor-widget-container\">\n\t\t\t\t\t\t\t\t\t\t\t\t\t\t\t\t<a href=\"https:\/\/lieblingsmomentemichi.de\/?page_id=198\">\n\t\t\t\t\t\t\t<img loading=\"lazy\" decoding=\"async\" width=\"683\" height=\"1024\" src=\"https:\/\/lieblingsmomentemichi.de\/wp-content\/uploads\/2024\/12\/Familienfotos-Stettler-24-22_websize-683x1024.jpg\" class=\"attachment-large size-large wp-image-357\" alt=\"\" srcset=\"https:\/\/lieblingsmomentemichi.de\/wp-content\/uploads\/2024\/12\/Familienfotos-Stettler-24-22_websize-683x1024.jpg 683w, https:\/\/lieblingsmomentemichi.de\/wp-content\/uploads\/2024\/12\/Familienfotos-Stettler-24-22_websize-200x300.jpg 200w, https:\/\/lieblingsmomentemichi.de\/wp-content\/uploads\/2024\/12\/Familienfotos-Stettler-24-22_websize-768x1152.jpg 768w, https:\/\/lieblingsmomentemichi.de\/wp-content\/uploads\/2024\/12\/Familienfotos-Stettler-24-22_websize-1024x1536.jpg 1024w, https:\/\/lieblingsmomentemichi.de\/wp-content\/uploads\/2024\/12\/Familienfotos-Stettler-24-22_websize.jpg 1067w\" sizes=\"(max-width: 683px) 100vw, 683px\" \/>\t\t\t\t\t\t\t\t<\/a>\n\t\t\t\t\t\t\t\t\t\t\t\t\t\t\t<\/div>\n\t\t\t\t<\/div>\n\t\t<div class=\"elementor-element elementor-element-13ab737 e-con-full e-flex e-con e-child\" data-id=\"13ab737\" data-element_type=\"container\">\n\t\t\t\t<div class=\"elementor-element elementor-element-a2ca376 elementor-widget elementor-widget-heading\" data-id=\"a2ca376\" data-element_type=\"widget\" data-widget_type=\"heading.default\">\n\t\t\t\t<div class=\"elementor-widget-container\">\n\t\t\t\t\t<h2 class=\"elementor-heading-title elementor-size-default\">FAMILIE &amp; FREUNDE<\/h2>\t\t\t\t<\/div>\n\t\t\t\t<\/div>\n\t\t\t\t<div class=\"elementor-element elementor-element-4e9f9a3 elementor-widget elementor-widget-text-editor\" data-id=\"4e9f9a3\" data-element_type=\"widget\" data-widget_type=\"text-editor.default\">\n\t\t\t\t<div class=\"elementor-widget-container\">\n\t\t\t\t\t\t\t\t\t<p>Wunderbare Erinnerungen an die Zeit mit euren Liebsten. Besondere Momente mit Familie oder Freunden f\u00fcr die Ewigkeit festgehalten.<\/p>\t\t\t\t\t\t\t\t<\/div>\n\t\t\t\t<\/div>\n\t\t\t\t<\/div>\n\t\t\t\t<div class=\"elementor-element elementor-element-d3dc1fc elementor-widget elementor-widget-image\" data-id=\"d3dc1fc\" data-element_type=\"widget\" data-widget_type=\"image.default\">\n\t\t\t\t<div class=\"elementor-widget-container\">\n\t\t\t\t\t\t\t\t\t\t\t\t\t\t\t\t<a href=\"https:\/\/lieblingsmomentemichi.de\/?page_id=243\">\n\t\t\t\t\t\t\t<img loading=\"lazy\" decoding=\"async\" width=\"682\" height=\"1024\" src=\"https:\/\/lieblingsmomentemichi.de\/wp-content\/uploads\/2025\/01\/Lea-96-682x1024.jpg\" class=\"attachment-large size-large wp-image-574\" alt=\"\" srcset=\"https:\/\/lieblingsmomentemichi.de\/wp-content\/uploads\/2025\/01\/Lea-96-682x1024.jpg 682w, https:\/\/lieblingsmomentemichi.de\/wp-content\/uploads\/2025\/01\/Lea-96-200x300.jpg 200w, https:\/\/lieblingsmomentemichi.de\/wp-content\/uploads\/2025\/01\/Lea-96-768x1152.jpg 768w, https:\/\/lieblingsmomentemichi.de\/wp-content\/uploads\/2025\/01\/Lea-96-1024x1536.jpg 1024w, https:\/\/lieblingsmomentemichi.de\/wp-content\/uploads\/2025\/01\/Lea-96.jpg 1333w\" sizes=\"(max-width: 682px) 100vw, 682px\" \/>\t\t\t\t\t\t\t\t<\/a>\n\t\t\t\t\t\t\t\t\t\t\t\t\t\t\t<\/div>\n\t\t\t\t<\/div>\n\t\t<div class=\"elementor-element elementor-element-3012e05 e-con-full e-flex e-con e-child\" data-id=\"3012e05\" data-element_type=\"container\">\n\t\t\t\t<div class=\"elementor-element elementor-element-7402d61 elementor-widget elementor-widget-heading\" data-id=\"7402d61\" data-element_type=\"widget\" data-widget_type=\"heading.default\">\n\t\t\t\t<div class=\"elementor-widget-container\">\n\t\t\t\t\t<h2 class=\"elementor-heading-title elementor-size-default\">PORTRAIT<\/h2>\t\t\t\t<\/div>\n\t\t\t\t<\/div>\n\t\t\t\t<div class=\"elementor-element elementor-element-78ecde2 elementor-widget elementor-widget-text-editor\" data-id=\"78ecde2\" data-element_type=\"widget\" data-widget_type=\"text-editor.default\">\n\t\t\t\t<div class=\"elementor-widget-container\">\n\t\t\t\t\t\t\t\t\t<p>Du m\u00f6chtest sch\u00f6ne Bilder von dir haben ? Ich fotografiere dich so, wie du bist.<\/p>\t\t\t\t\t\t\t\t<\/div>\n\t\t\t\t<\/div>\n\t\t\t\t<\/div>\n\t\t\t\t<\/div>\n\t\t\t\t<\/div>\n\t\t","protected":false},"excerpt":{"rendered":"<p>HOCHZEITEN Standesamt, freie oder kirchliche Trauung &#8211; ich halte euren gro\u00dfen Tag f\u00fcr euch fest. BABYBAUCH Was gibt es sch\u00f6neres als die Vorfreude auf euer Baby? Ich fange diese besondere Zeit f\u00fcr euch ein. PAARE Liebe muss nicht perfekt sein sondern echt. Ich verewige eure Liebesgeschichte in Bildern. FAMILIE &amp; FREUNDE Wunderbare Erinnerungen an die [&hellip;]<\/p>\n","protected":false},"author":2,"featured_media":0,"parent":0,"menu_order":0,"comment_status":"closed","ping_status":"closed","template":"","meta":{"footnotes":""},"class_list":["post-155","page","type-page","status-publish","hentry"],"_links":{"self":[{"href":"https:\/\/lieblingsmomentemichi.de\/index.php?rest_route=\/wp\/v2\/pages\/155","targetHints":{"allow":["GET"]}}],"collection":[{"href":"https:\/\/lieblingsmomentemichi.de\/index.php?rest_route=\/wp\/v2\/pages"}],"about":[{"href":"https:\/\/lieblingsmomentemichi.de\/index.php?rest_route=\/wp\/v2\/types\/page"}],"author":[{"embeddable":true,"href":"https:\/\/lieblingsmomentemichi.de\/index.php?rest_route=\/wp\/v2\/users\/2"}],"replies":[{"embeddable":true,"href":"https:\/\/lieblingsmomentemichi.de\/index.php?rest_route=%2Fwp%2Fv2%2Fcomments&post=155"}],"version-history":[{"count":142,"href":"https:\/\/lieblingsmomentemichi.de\/index.php?rest_route=\/wp\/v2\/pages\/155\/revisions"}],"predecessor-version":[{"id":1765,"href":"https:\/\/lieblingsmomentemichi.de\/index.php?rest_route=\/wp\/v2\/pages\/155\/revisions\/1765"}],"wp:attachment":[{"href":"https:\/\/lieblingsmomentemichi.de\/index.php?rest_route=%2Fwp%2Fv2%2Fmedia&parent=155"}],"curies":[{"name":"wp","href":"https:\/\/api.w.org\/{rel}","templated":true}]}}