{"id":70,"date":"2024-10-11T06:14:19","date_gmt":"2024-10-11T06:14:19","guid":{"rendered":"https:\/\/lieblingsmomentemichi.de\/?page_id=70"},"modified":"2026-02-05T19:03:00","modified_gmt":"2026-02-05T19:03:00","slug":"elementor-70","status":"publish","type":"page","link":"https:\/\/lieblingsmomentemichi.de\/","title":{"rendered":"Home"},"content":{"rendered":"\t\t<div data-elementor-type=\"wp-page\" data-elementor-id=\"70\" class=\"elementor elementor-70\" data-elementor-post-type=\"page\">\n\t\t\t\t<div class=\"elementor-element elementor-element-e38d16c e-con-full e-flex e-con e-parent\" data-id=\"e38d16c\" data-element_type=\"container\">\n\t\t\t\t<div class=\"elementor-element elementor-element-911b7b5 elementor-arrows-position-inside elementor-pagination-position-outside elementor-widget elementor-widget-image-carousel\" data-id=\"911b7b5\" data-element_type=\"widget\" data-settings=\"{&quot;slides_to_show&quot;:&quot;4&quot;,&quot;autoplay_speed&quot;:3534,&quot;speed&quot;:600,&quot;navigation&quot;:&quot;both&quot;,&quot;autoplay&quot;:&quot;yes&quot;,&quot;pause_on_hover&quot;:&quot;yes&quot;,&quot;pause_on_interaction&quot;:&quot;yes&quot;,&quot;infinite&quot;:&quot;yes&quot;,&quot;image_spacing_custom&quot;:{&quot;unit&quot;:&quot;px&quot;,&quot;size&quot;:20,&quot;sizes&quot;:[]},&quot;image_spacing_custom_tablet&quot;:{&quot;unit&quot;:&quot;px&quot;,&quot;size&quot;:&quot;&quot;,&quot;sizes&quot;:[]},&quot;image_spacing_custom_mobile&quot;:{&quot;unit&quot;:&quot;px&quot;,&quot;size&quot;:&quot;&quot;,&quot;sizes&quot;:[]}}\" data-widget_type=\"image-carousel.default\">\n\t\t\t\t<div class=\"elementor-widget-container\">\n\t\t\t\t\t\t\t<div class=\"elementor-image-carousel-wrapper swiper\" role=\"region\" aria-roledescription=\"carousel\" aria-label=\"Bild Karussell\" dir=\"ltr\">\n\t\t\t<div class=\"elementor-image-carousel swiper-wrapper\" aria-live=\"off\">\n\t\t\t\t\t\t\t\t<div class=\"swiper-slide\" role=\"group\" aria-roledescription=\"slide\" aria-label=\"1 von 27\"><figure class=\"swiper-slide-inner\"><img decoding=\"async\" class=\"swiper-slide-image\" src=\"https:\/\/lieblingsmomentemichi.de\/wp-content\/uploads\/2026\/02\/MR-Hochzeit-2025-98.jpg\" alt=\"Marina &amp; Raphael - Hochzeit\" \/><\/figure><\/div><div class=\"swiper-slide\" role=\"group\" aria-roledescription=\"slide\" aria-label=\"2 von 27\"><figure class=\"swiper-slide-inner\"><img decoding=\"async\" class=\"swiper-slide-image\" src=\"https:\/\/lieblingsmomentemichi.de\/wp-content\/uploads\/2026\/02\/ED-Standesamt-25-13_websize.jpg\" alt=\"Emma &amp; Daniel - Standesamt 2025\" \/><\/figure><\/div><div class=\"swiper-slide\" role=\"group\" aria-roledescription=\"slide\" aria-label=\"3 von 27\"><figure class=\"swiper-slide-inner\"><img decoding=\"async\" class=\"swiper-slide-image\" src=\"https:\/\/lieblingsmomentemichi.de\/wp-content\/uploads\/2025\/02\/LL-2024-325.jpg\" alt=\"L&amp;L-2024-325\" \/><\/figure><\/div><div class=\"swiper-slide\" role=\"group\" aria-roledescription=\"slide\" aria-label=\"4 von 27\"><figure class=\"swiper-slide-inner\"><img decoding=\"async\" class=\"swiper-slide-image\" src=\"https:\/\/lieblingsmomentemichi.de\/wp-content\/uploads\/2025\/02\/JM-2024-45.jpg\" alt=\"J&amp;M-2024-45\" \/><\/figure><\/div><div class=\"swiper-slide\" role=\"group\" aria-roledescription=\"slide\" aria-label=\"5 von 27\"><figure class=\"swiper-slide-inner\"><img decoding=\"async\" class=\"swiper-slide-image\" src=\"https:\/\/lieblingsmomentemichi.de\/wp-content\/uploads\/2025\/02\/LM-Babybauch-25-193.jpg\" alt=\"L&amp;M-Babybauch-25-193\" \/><\/figure><\/div><div class=\"swiper-slide\" role=\"group\" aria-roledescription=\"slide\" aria-label=\"6 von 27\"><figure class=\"swiper-slide-inner\"><img decoding=\"async\" class=\"swiper-slide-image\" src=\"https:\/\/lieblingsmomentemichi.de\/wp-content\/uploads\/2026\/02\/SM-Hochzeit-09-25-155.jpg\" alt=\"Sandra &amp; Matte - Hochzeit\" \/><\/figure><\/div><div class=\"swiper-slide\" role=\"group\" aria-roledescription=\"slide\" aria-label=\"7 von 27\"><figure class=\"swiper-slide-inner\"><img decoding=\"async\" class=\"swiper-slide-image\" src=\"https:\/\/lieblingsmomentemichi.de\/wp-content\/uploads\/2026\/02\/GO-Hochzeit-2025-935-1.jpg\" alt=\"Gini &amp; Oli - Hochzeit\" \/><\/figure><\/div><div class=\"swiper-slide\" role=\"group\" aria-roledescription=\"slide\" aria-label=\"8 von 27\"><figure class=\"swiper-slide-inner\"><img decoding=\"async\" class=\"swiper-slide-image\" src=\"https:\/\/lieblingsmomentemichi.de\/wp-content\/uploads\/2026\/02\/CL-Babybauch-2025-104_websize.jpg\" alt=\"Luci &amp; Chrissi - Babybauch\" \/><\/figure><\/div><div class=\"swiper-slide\" role=\"group\" aria-roledescription=\"slide\" aria-label=\"9 von 27\"><figure class=\"swiper-slide-inner\"><img decoding=\"async\" class=\"swiper-slide-image\" src=\"https:\/\/lieblingsmomentemichi.de\/wp-content\/uploads\/2024\/12\/LS-24-136-scaled.jpg\" alt=\"Lieblingsmomente Michi\" \/><\/figure><\/div><div class=\"swiper-slide\" role=\"group\" aria-roledescription=\"slide\" aria-label=\"10 von 27\"><figure class=\"swiper-slide-inner\"><img decoding=\"async\" class=\"swiper-slide-image\" src=\"https:\/\/lieblingsmomentemichi.de\/wp-content\/uploads\/2025\/02\/TK-2024-181.jpg\" alt=\"T&amp;K-2024-181\" \/><\/figure><\/div><div class=\"swiper-slide\" role=\"group\" aria-roledescription=\"slide\" aria-label=\"11 von 27\"><figure class=\"swiper-slide-inner\"><img decoding=\"async\" class=\"swiper-slide-image\" src=\"https:\/\/lieblingsmomentemichi.de\/wp-content\/uploads\/2026\/02\/MG-Dezember-2025-141_websize.jpg\" alt=\"Magdi &amp; Gabi - Freundinnenfotos 2025\" \/><\/figure><\/div><div class=\"swiper-slide\" role=\"group\" aria-roledescription=\"slide\" aria-label=\"12 von 27\"><figure class=\"swiper-slide-inner\"><img decoding=\"async\" class=\"swiper-slide-image\" src=\"https:\/\/lieblingsmomentemichi.de\/wp-content\/uploads\/2026\/02\/Babybauch-SC-2026-150_websize.jpg\" alt=\"Babybauch Stephi &amp; Christop\" \/><\/figure><\/div><div class=\"swiper-slide\" role=\"group\" aria-roledescription=\"slide\" aria-label=\"13 von 27\"><figure class=\"swiper-slide-inner\"><img decoding=\"async\" class=\"swiper-slide-image\" src=\"https:\/\/lieblingsmomentemichi.de\/wp-content\/uploads\/2026\/02\/MD-2025-242_websize.jpg\" alt=\"Magdi &amp; Dani\" \/><\/figure><\/div><div class=\"swiper-slide\" role=\"group\" aria-roledescription=\"slide\" aria-label=\"14 von 27\"><figure class=\"swiper-slide-inner\"><img decoding=\"async\" class=\"swiper-slide-image\" src=\"https:\/\/lieblingsmomentemichi.de\/wp-content\/uploads\/2025\/01\/MH-24-247.jpg\" alt=\"M&amp;H-24-247\" \/><\/figure><\/div><div class=\"swiper-slide\" role=\"group\" aria-roledescription=\"slide\" aria-label=\"15 von 27\"><figure class=\"swiper-slide-inner\"><img decoding=\"async\" class=\"swiper-slide-image\" src=\"https:\/\/lieblingsmomentemichi.de\/wp-content\/uploads\/2025\/02\/Familienfotos-Kiser-2024-Kopie.jpg\" alt=\"Familienfotos-Kiser-2024 Kopie\" \/><\/figure><\/div><div class=\"swiper-slide\" role=\"group\" aria-roledescription=\"slide\" aria-label=\"16 von 27\"><figure class=\"swiper-slide-inner\"><img decoding=\"async\" class=\"swiper-slide-image\" src=\"https:\/\/lieblingsmomentemichi.de\/wp-content\/uploads\/2025\/02\/SP_23-219.jpg\" alt=\"S&amp;P_23 (219)\" \/><\/figure><\/div><div class=\"swiper-slide\" role=\"group\" aria-roledescription=\"slide\" aria-label=\"17 von 27\"><figure class=\"swiper-slide-inner\"><img decoding=\"async\" class=\"swiper-slide-image\" src=\"https:\/\/lieblingsmomentemichi.de\/wp-content\/uploads\/2025\/02\/KatrinMax-24-129.jpg\" alt=\"Katrin&amp;Max-24-129\" \/><\/figure><\/div><div class=\"swiper-slide\" role=\"group\" aria-roledescription=\"slide\" aria-label=\"18 von 27\"><figure class=\"swiper-slide-inner\"><img decoding=\"async\" class=\"swiper-slide-image\" src=\"https:\/\/lieblingsmomentemichi.de\/wp-content\/uploads\/2026\/02\/TM-Hochzeit-2025-1025.jpg\" alt=\"Tina &amp; Miche - Hochzeit\" \/><\/figure><\/div><div class=\"swiper-slide\" role=\"group\" aria-roledescription=\"slide\" aria-label=\"19 von 27\"><figure class=\"swiper-slide-inner\"><img decoding=\"async\" class=\"swiper-slide-image\" src=\"https:\/\/lieblingsmomentemichi.de\/wp-content\/uploads\/2026\/02\/FS-Standesamt-2025-84.jpg\" alt=\"Franzi &amp; Stefan - Standesamt\" \/><\/figure><\/div><div class=\"swiper-slide\" role=\"group\" aria-roledescription=\"slide\" aria-label=\"20 von 27\"><figure class=\"swiper-slide-inner\"><img decoding=\"async\" class=\"swiper-slide-image\" src=\"https:\/\/lieblingsmomentemichi.de\/wp-content\/uploads\/2025\/02\/MM-Standesamt-71.jpg\" alt=\"M&amp;M-Standesamt-71\" \/><\/figure><\/div><div class=\"swiper-slide\" role=\"group\" aria-roledescription=\"slide\" aria-label=\"21 von 27\"><figure class=\"swiper-slide-inner\"><img decoding=\"async\" class=\"swiper-slide-image\" src=\"https:\/\/lieblingsmomentemichi.de\/wp-content\/uploads\/2025\/01\/DSC_6440-Verbessert-RR.jpg\" alt=\"DSC_6440-Verbessert-RR\" \/><\/figure><\/div><div class=\"swiper-slide\" role=\"group\" aria-roledescription=\"slide\" aria-label=\"22 von 27\"><figure class=\"swiper-slide-inner\"><img decoding=\"async\" class=\"swiper-slide-image\" src=\"https:\/\/lieblingsmomentemichi.de\/wp-content\/uploads\/2025\/01\/Babybauch-HeidiBasti-558.jpg\" alt=\"Babybauch-Heidi&amp;Basti-558\" \/><\/figure><\/div><div class=\"swiper-slide\" role=\"group\" aria-roledescription=\"slide\" aria-label=\"23 von 27\"><figure class=\"swiper-slide-inner\"><img decoding=\"async\" class=\"swiper-slide-image\" src=\"https:\/\/lieblingsmomentemichi.de\/wp-content\/uploads\/2025\/02\/AJ-2024-167.jpg\" alt=\"A&amp;J-2024-167\" \/><\/figure><\/div><div class=\"swiper-slide\" role=\"group\" aria-roledescription=\"slide\" aria-label=\"24 von 27\"><figure class=\"swiper-slide-inner\"><img decoding=\"async\" class=\"swiper-slide-image\" src=\"https:\/\/lieblingsmomentemichi.de\/wp-content\/uploads\/2025\/01\/MG-2024-157.jpg\" alt=\"M&amp;G-2024-157\" \/><\/figure><\/div><div class=\"swiper-slide\" role=\"group\" aria-roledescription=\"slide\" aria-label=\"25 von 27\"><figure class=\"swiper-slide-inner\"><img decoding=\"async\" class=\"swiper-slide-image\" src=\"https:\/\/lieblingsmomentemichi.de\/wp-content\/uploads\/2026\/02\/PR-Hochzeit-2025-149_websize.jpg\" alt=\"Philipp &amp; Rebecca - Hochzeit 2025\" \/><\/figure><\/div><div class=\"swiper-slide\" role=\"group\" aria-roledescription=\"slide\" aria-label=\"26 von 27\"><figure class=\"swiper-slide-inner\"><img decoding=\"async\" class=\"swiper-slide-image\" src=\"https:\/\/lieblingsmomentemichi.de\/wp-content\/uploads\/2024\/12\/DSC_1182-2.jpg\" alt=\"DSC_1182-2\" \/><\/figure><\/div><div class=\"swiper-slide\" role=\"group\" aria-roledescription=\"slide\" aria-label=\"27 von 27\"><figure class=\"swiper-slide-inner\"><img decoding=\"async\" class=\"swiper-slide-image\" src=\"https:\/\/lieblingsmomentemichi.de\/wp-content\/uploads\/2026\/02\/CM-2024-114.jpg\" alt=\"C&amp;M-2024-114\" \/><\/figure><\/div>\t\t\t<\/div>\n\t\t\t\t\t\t\t\t\t\t\t\t<div class=\"elementor-swiper-button elementor-swiper-button-prev\" role=\"button\" tabindex=\"0\">\n\t\t\t\t\t\t<svg aria-hidden=\"true\" class=\"e-font-icon-svg e-eicon-chevron-left\" viewBox=\"0 0 1000 1000\" xmlns=\"http:\/\/www.w3.org\/2000\/svg\"><path d=\"M646 125C629 125 613 133 604 142L308 442C296 454 292 471 292 487 292 504 296 521 308 533L604 854C617 867 629 875 646 875 663 875 679 871 692 858 704 846 713 829 713 812 713 796 708 779 692 767L438 487 692 225C700 217 708 204 708 187 708 171 704 154 692 142 675 129 663 125 646 125Z\"><\/path><\/svg>\t\t\t\t\t<\/div>\n\t\t\t\t\t<div class=\"elementor-swiper-button elementor-swiper-button-next\" role=\"button\" tabindex=\"0\">\n\t\t\t\t\t\t<svg aria-hidden=\"true\" class=\"e-font-icon-svg e-eicon-chevron-right\" viewBox=\"0 0 1000 1000\" xmlns=\"http:\/\/www.w3.org\/2000\/svg\"><path d=\"M696 533C708 521 713 504 713 487 713 471 708 454 696 446L400 146C388 133 375 125 354 125 338 125 325 129 313 142 300 154 292 171 292 187 292 204 296 221 308 233L563 492 304 771C292 783 288 800 288 817 288 833 296 850 308 863 321 871 338 875 354 875 371 875 388 867 400 854L696 533Z\"><\/path><\/svg>\t\t\t\t\t<\/div>\n\t\t\t\t\n\t\t\t\t\t\t\t\t\t<div class=\"swiper-pagination\"><\/div>\n\t\t\t\t\t\t\t\t\t<\/div>\n\t\t\t\t\t\t<\/div>\n\t\t\t\t<\/div>\n\t\t\t\t<\/div>\n\t\t<div class=\"elementor-element elementor-element-12bbe1f e-flex e-con-boxed e-con e-parent\" data-id=\"12bbe1f\" data-element_type=\"container\">\n\t\t\t\t\t<div class=\"e-con-inner\">\n\t\t\t\t<div class=\"elementor-element elementor-element-4a7a566 elementor-widget elementor-widget-heading\" data-id=\"4a7a566\" data-element_type=\"widget\" data-widget_type=\"heading.default\">\n\t\t\t\t<div class=\"elementor-widget-container\">\n\t\t\t\t\t<h2 class=\"elementor-heading-title elementor-size-default\">Eure Lieblingsmomente f\u00fcr die Ewigkeit <\/h2>\t\t\t\t<\/div>\n\t\t\t\t<\/div>\n\t\t\t\t\t<\/div>\n\t\t\t\t<\/div>\n\t\t<div class=\"elementor-element elementor-element-6d7822e e-flex e-con-boxed e-con e-parent\" data-id=\"6d7822e\" data-element_type=\"container\">\n\t\t\t\t\t<div class=\"e-con-inner\">\n\t\t\t\t<div class=\"elementor-element elementor-element-5444628 elementor-widget elementor-widget-spacer\" data-id=\"5444628\" data-element_type=\"widget\" data-widget_type=\"spacer.default\">\n\t\t\t\t<div class=\"elementor-widget-container\">\n\t\t\t\t\t\t\t<div class=\"elementor-spacer\">\n\t\t\t<div class=\"elementor-spacer-inner\"><\/div>\n\t\t<\/div>\n\t\t\t\t\t\t<\/div>\n\t\t\t\t<\/div>\n\t\t\t\t\t<\/div>\n\t\t\t\t<\/div>\n\t\t<div class=\"elementor-element elementor-element-37f4064 e-flex e-con-boxed e-con e-parent\" data-id=\"37f4064\" data-element_type=\"container\">\n\t\t\t\t\t<div class=\"e-con-inner\">\n\t\t\t\t<div class=\"elementor-element elementor-element-99a4d0c elementor-widget elementor-widget-text-editor\" data-id=\"99a4d0c\" data-element_type=\"widget\" data-widget_type=\"text-editor.default\">\n\t\t\t\t<div class=\"elementor-widget-container\">\n\t\t\t\t\t\t\t\t\t<p>Hi und herzlich willkommen auf meiner Seite.<\/p><p>Ihr seid auf der Suche nach einer Fotografin in F\u00fcrstenfeldbruck, Dachau, M\u00fcnchen und Umgebung, dann seid ihr hier richtig. <br \/>Ich freue mich euch kennenzulernen und eure Lieblingsmomente festzuhalten.\u00a0<\/p>\t\t\t\t\t\t\t\t<\/div>\n\t\t\t\t<\/div>\n\t\t\t\t\t<\/div>\n\t\t\t\t<\/div>\n\t\t<div class=\"elementor-element elementor-element-92b3475 e-flex e-con-boxed e-con e-parent\" data-id=\"92b3475\" data-element_type=\"container\">\n\t\t\t\t\t<div class=\"e-con-inner\">\n\t\t\t\t<div class=\"elementor-element elementor-element-b2c8ded elementor-widget elementor-widget-spacer\" data-id=\"b2c8ded\" data-element_type=\"widget\" data-widget_type=\"spacer.default\">\n\t\t\t\t<div class=\"elementor-widget-container\">\n\t\t\t\t\t\t\t<div class=\"elementor-spacer\">\n\t\t\t<div class=\"elementor-spacer-inner\"><\/div>\n\t\t<\/div>\n\t\t\t\t\t\t<\/div>\n\t\t\t\t<\/div>\n\t\t\t\t\t<\/div>\n\t\t\t\t<\/div>\n\t\t<div class=\"elementor-element elementor-element-7f9409a e-grid e-con-boxed e-con e-parent\" data-id=\"7f9409a\" data-element_type=\"container\">\n\t\t\t\t\t<div class=\"e-con-inner\">\n\t\t\t\t<div class=\"elementor-element elementor-element-9f768cb elementor-widget elementor-widget-image\" data-id=\"9f768cb\" data-element_type=\"widget\" data-widget_type=\"image.default\">\n\t\t\t\t<div class=\"elementor-widget-container\">\n\t\t\t\t\t\t\t\t\t\t\t\t\t\t\t<img fetchpriority=\"high\" decoding=\"async\" width=\"1365\" height=\"2048\" src=\"https:\/\/lieblingsmomentemichi.de\/wp-content\/uploads\/2026\/02\/MD-2025-57_websize.jpg\" class=\"attachment-full size-full wp-image-1821\" alt=\"\" srcset=\"https:\/\/lieblingsmomentemichi.de\/wp-content\/uploads\/2026\/02\/MD-2025-57_websize.jpg 1365w, https:\/\/lieblingsmomentemichi.de\/wp-content\/uploads\/2026\/02\/MD-2025-57_websize-200x300.jpg 200w, https:\/\/lieblingsmomentemichi.de\/wp-content\/uploads\/2026\/02\/MD-2025-57_websize-683x1024.jpg 683w, https:\/\/lieblingsmomentemichi.de\/wp-content\/uploads\/2026\/02\/MD-2025-57_websize-768x1152.jpg 768w, https:\/\/lieblingsmomentemichi.de\/wp-content\/uploads\/2026\/02\/MD-2025-57_websize-1024x1536.jpg 1024w\" sizes=\"(max-width: 1365px) 100vw, 1365px\" \/>\t\t\t\t\t\t\t\t\t\t\t\t\t\t\t<\/div>\n\t\t\t\t<\/div>\n\t\t<div class=\"elementor-element elementor-element-2fccf36 e-grid e-con-full e-con e-child\" data-id=\"2fccf36\" data-element_type=\"container\">\n\t\t\t\t<div class=\"elementor-element elementor-element-ffaf62f elementor-widget elementor-widget-heading\" data-id=\"ffaf62f\" data-element_type=\"widget\" data-widget_type=\"heading.default\">\n\t\t\t\t<div class=\"elementor-widget-container\">\n\t\t\t\t\t<h2 class=\"elementor-heading-title elementor-size-default\">Als Fotografin fange ich besondere Momente f\u00fcr euch ein<\/h2>\t\t\t\t<\/div>\n\t\t\t\t<\/div>\n\t\t\t\t<div class=\"elementor-element elementor-element-e43be43 elementor-widget elementor-widget-text-editor\" data-id=\"e43be43\" data-element_type=\"widget\" data-widget_type=\"text-editor.default\">\n\t\t\t\t<div class=\"elementor-widget-container\">\n\t\t\t\t\t\t\t\t\t<p>\u00a0<\/p><p>Ganz gleich, zu welchem Anlass.<br \/>Meine Fotos sind emotional und schaffen zeitlose Erinnerungen, die f\u00fcr immer bleiben. Schaut gerne in meiner Galerie vorbei, um mehr von meiner Arbeit zu entdecken.<\/p>\t\t\t\t\t\t\t\t<\/div>\n\t\t\t\t<\/div>\n\t\t\t\t<div class=\"elementor-element elementor-element-7c315c9 elementor-align-center elementor-widget elementor-widget-button\" data-id=\"7c315c9\" data-element_type=\"widget\" data-widget_type=\"button.default\">\n\t\t\t\t<div class=\"elementor-widget-container\">\n\t\t\t\t\t\t\t\t\t<div class=\"elementor-button-wrapper\">\n\t\t\t\t\t<a class=\"elementor-button elementor-button-link elementor-size-sm\" href=\"https:\/\/lieblingsmomentemichi.de\/?page_id=155\">\n\t\t\t\t\t\t<span class=\"elementor-button-content-wrapper\">\n\t\t\t\t\t\t\t\t\t<span class=\"elementor-button-text\">ZUR GALERIE<\/span>\n\t\t\t\t\t<\/span>\n\t\t\t\t\t<\/a>\n\t\t\t\t<\/div>\n\t\t\t\t\t\t\t\t<\/div>\n\t\t\t\t<\/div>\n\t\t\t\t<\/div>\n\t\t\t\t\t<\/div>\n\t\t\t\t<\/div>\n\t\t<div class=\"elementor-element elementor-element-25f756c e-flex e-con-boxed e-con e-parent\" data-id=\"25f756c\" data-element_type=\"container\">\n\t\t\t\t\t<div class=\"e-con-inner\">\n\t\t\t\t<div class=\"elementor-element elementor-element-ba864d2 elementor-widget elementor-widget-spacer\" data-id=\"ba864d2\" data-element_type=\"widget\" data-widget_type=\"spacer.default\">\n\t\t\t\t<div class=\"elementor-widget-container\">\n\t\t\t\t\t\t\t<div class=\"elementor-spacer\">\n\t\t\t<div class=\"elementor-spacer-inner\"><\/div>\n\t\t<\/div>\n\t\t\t\t\t\t<\/div>\n\t\t\t\t<\/div>\n\t\t\t\t\t<\/div>\n\t\t\t\t<\/div>\n\t\t<div class=\"elementor-element elementor-element-f6a4f4d e-grid e-con-boxed e-con e-parent\" data-id=\"f6a4f4d\" data-element_type=\"container\">\n\t\t\t\t\t<div class=\"e-con-inner\">\n\t\t\t\t<div class=\"elementor-element elementor-element-8fdc7e2 elementor-widget elementor-widget-heading\" data-id=\"8fdc7e2\" data-element_type=\"widget\" data-widget_type=\"heading.default\">\n\t\t\t\t<div class=\"elementor-widget-container\">\n\t\t\t\t\t<h2 class=\"elementor-heading-title elementor-size-default\">Auf der Suche nach einer Fotografin f\u00fcr eure Hochzeit?<\/h2>\t\t\t\t<\/div>\n\t\t\t\t<\/div>\n\t\t\t\t<div class=\"elementor-element elementor-element-5285cb4 elementor-widget elementor-widget-text-editor\" data-id=\"5285cb4\" data-element_type=\"widget\" data-widget_type=\"text-editor.default\">\n\t\t\t\t<div class=\"elementor-widget-container\">\n\t\t\t\t\t\t\t\t\t<p>Jede Hochzeit ist einzigartig \u2013 genauso wie die Momente, die sie unvergesslich machen. Hier bekommt ihr einen Einblick in meine Arbeit und k\u00f6nnt euch ein Bild von meinem Stil machen.\u00a0<\/p>\t\t\t\t\t\t\t\t<\/div>\n\t\t\t\t<\/div>\n\t\t\t\t\t<\/div>\n\t\t\t\t<\/div>\n\t\t<div class=\"elementor-element elementor-element-20b0429 e-grid e-con-boxed e-con e-parent\" data-id=\"20b0429\" data-element_type=\"container\">\n\t\t\t\t\t<div class=\"e-con-inner\">\n\t\t\t\t<div class=\"elementor-element elementor-element-760c79d elementor-align-center elementor-widget elementor-widget-button\" data-id=\"760c79d\" data-element_type=\"widget\" data-widget_type=\"button.default\">\n\t\t\t\t<div class=\"elementor-widget-container\">\n\t\t\t\t\t\t\t\t\t<div class=\"elementor-button-wrapper\">\n\t\t\t\t\t<a class=\"elementor-button elementor-button-link elementor-size-sm\" href=\"https:\/\/lieblingsmomentemichi.de\/?page_id=194\">\n\t\t\t\t\t\t<span class=\"elementor-button-content-wrapper\">\n\t\t\t\t\t\t\t\t\t<span class=\"elementor-button-text\">HOCHZEITEN<\/span>\n\t\t\t\t\t<\/span>\n\t\t\t\t\t<\/a>\n\t\t\t\t<\/div>\n\t\t\t\t\t\t\t\t<\/div>\n\t\t\t\t<\/div>\n\t\t\t\t\t<\/div>\n\t\t\t\t<\/div>\n\t\t<div class=\"elementor-element elementor-element-65293a7 e-flex e-con-boxed e-con e-parent\" data-id=\"65293a7\" data-element_type=\"container\">\n\t\t\t\t\t<div class=\"e-con-inner\">\n\t\t\t\t<div class=\"elementor-element elementor-element-03b5ce0 elementor-widget elementor-widget-image\" data-id=\"03b5ce0\" data-element_type=\"widget\" data-widget_type=\"image.default\">\n\t\t\t\t<div class=\"elementor-widget-container\">\n\t\t\t\t\t\t\t\t\t\t\t\t\t\t\t<img decoding=\"async\" src=\"https:\/\/lieblingsmomentemichi.de\/wp-content\/uploads\/elementor\/thumbs\/CM-2024-351-r260qa9dt0wmibakbl4khwprfwr0gw14o0b65ysucg.jpg\" title=\"C&#038;M-2024-351\" alt=\"C&amp;M-2024-351\" loading=\"lazy\" \/>\t\t\t\t\t\t\t\t\t\t\t\t\t\t\t<\/div>\n\t\t\t\t<\/div>\n\t\t\t\t\t<\/div>\n\t\t\t\t<\/div>\n\t\t<div class=\"elementor-element elementor-element-95eaf78 e-grid e-con-boxed e-con e-parent\" data-id=\"95eaf78\" data-element_type=\"container\">\n\t\t\t\t\t<div class=\"e-con-inner\">\n\t\t\t\t<div class=\"elementor-element elementor-element-d4ea187 elementor-widget elementor-widget-image\" data-id=\"d4ea187\" data-element_type=\"widget\" data-widget_type=\"image.default\">\n\t\t\t\t<div class=\"elementor-widget-container\">\n\t\t\t\t\t\t\t\t\t\t\t\t\t\t\t<img decoding=\"async\" width=\"1280\" height=\"1920\" src=\"https:\/\/lieblingsmomentemichi.de\/wp-content\/uploads\/2025\/02\/DSC_6287-0.jpg\" class=\"attachment-full size-full wp-image-1469\" alt=\"\" srcset=\"https:\/\/lieblingsmomentemichi.de\/wp-content\/uploads\/2025\/02\/DSC_6287-0.jpg 1280w, https:\/\/lieblingsmomentemichi.de\/wp-content\/uploads\/2025\/02\/DSC_6287-0-200x300.jpg 200w, https:\/\/lieblingsmomentemichi.de\/wp-content\/uploads\/2025\/02\/DSC_6287-0-683x1024.jpg 683w, https:\/\/lieblingsmomentemichi.de\/wp-content\/uploads\/2025\/02\/DSC_6287-0-768x1152.jpg 768w, https:\/\/lieblingsmomentemichi.de\/wp-content\/uploads\/2025\/02\/DSC_6287-0-1024x1536.jpg 1024w\" sizes=\"(max-width: 1280px) 100vw, 1280px\" \/>\t\t\t\t\t\t\t\t\t\t\t\t\t\t\t<\/div>\n\t\t\t\t<\/div>\n\t\t\t\t<div class=\"elementor-element elementor-element-3a755d2 elementor-widget elementor-widget-image\" data-id=\"3a755d2\" data-element_type=\"widget\" data-widget_type=\"image.default\">\n\t\t\t\t<div class=\"elementor-widget-container\">\n\t\t\t\t\t\t\t\t\t\t\t\t\t\t\t<img decoding=\"async\" width=\"683\" height=\"1024\" src=\"https:\/\/lieblingsmomentemichi.de\/wp-content\/uploads\/2025\/02\/DSC_9497-0-2-683x1024.jpg\" class=\"attachment-large size-large wp-image-1374\" alt=\"\" srcset=\"https:\/\/lieblingsmomentemichi.de\/wp-content\/uploads\/2025\/02\/DSC_9497-0-2-683x1024.jpg 683w, https:\/\/lieblingsmomentemichi.de\/wp-content\/uploads\/2025\/02\/DSC_9497-0-2-200x300.jpg 200w, https:\/\/lieblingsmomentemichi.de\/wp-content\/uploads\/2025\/02\/DSC_9497-0-2-768x1152.jpg 768w, https:\/\/lieblingsmomentemichi.de\/wp-content\/uploads\/2025\/02\/DSC_9497-0-2-1024x1536.jpg 1024w, https:\/\/lieblingsmomentemichi.de\/wp-content\/uploads\/2025\/02\/DSC_9497-0-2.jpg 1280w\" sizes=\"(max-width: 683px) 100vw, 683px\" \/>\t\t\t\t\t\t\t\t\t\t\t\t\t\t\t<\/div>\n\t\t\t\t<\/div>\n\t\t\t\t<div class=\"elementor-element elementor-element-bc372b4 elementor-widget elementor-widget-image\" data-id=\"bc372b4\" data-element_type=\"widget\" data-widget_type=\"image.default\">\n\t\t\t\t<div class=\"elementor-widget-container\">\n\t\t\t\t\t\t\t\t\t\t\t\t\t\t\t<img loading=\"lazy\" decoding=\"async\" width=\"683\" height=\"1024\" src=\"https:\/\/lieblingsmomentemichi.de\/wp-content\/uploads\/2025\/02\/MH-24-86-683x1024.jpg\" class=\"attachment-large size-large wp-image-1470\" alt=\"\" srcset=\"https:\/\/lieblingsmomentemichi.de\/wp-content\/uploads\/2025\/02\/MH-24-86-683x1024.jpg 683w, https:\/\/lieblingsmomentemichi.de\/wp-content\/uploads\/2025\/02\/MH-24-86-200x300.jpg 200w, https:\/\/lieblingsmomentemichi.de\/wp-content\/uploads\/2025\/02\/MH-24-86-768x1152.jpg 768w, https:\/\/lieblingsmomentemichi.de\/wp-content\/uploads\/2025\/02\/MH-24-86-1024x1536.jpg 1024w, https:\/\/lieblingsmomentemichi.de\/wp-content\/uploads\/2025\/02\/MH-24-86.jpg 1280w\" sizes=\"(max-width: 683px) 100vw, 683px\" \/>\t\t\t\t\t\t\t\t\t\t\t\t\t\t\t<\/div>\n\t\t\t\t<\/div>\n\t\t\t\t\t<\/div>\n\t\t\t\t<\/div>\n\t\t\t\t<\/div>\n\t\t","protected":false},"excerpt":{"rendered":"<p>Eure Lieblingsmomente f\u00fcr die Ewigkeit Hi und herzlich willkommen auf meiner Seite. Ihr seid auf der Suche nach einer Fotografin in F\u00fcrstenfeldbruck, Dachau, M\u00fcnchen und Umgebung, dann seid ihr hier richtig. Ich freue mich euch kennenzulernen und eure Lieblingsmomente festzuhalten.\u00a0 Als Fotografin fange ich besondere Momente f\u00fcr euch ein \u00a0 Ganz gleich, zu welchem Anlass.Meine [&hellip;]<\/p>\n","protected":false},"author":1,"featured_media":0,"parent":0,"menu_order":0,"comment_status":"closed","ping_status":"closed","template":"","meta":{"footnotes":""},"class_list":["post-70","page","type-page","status-publish","hentry"],"_links":{"self":[{"href":"https:\/\/lieblingsmomentemichi.de\/index.php?rest_route=\/wp\/v2\/pages\/70","targetHints":{"allow":["GET"]}}],"collection":[{"href":"https:\/\/lieblingsmomentemichi.de\/index.php?rest_route=\/wp\/v2\/pages"}],"about":[{"href":"https:\/\/lieblingsmomentemichi.de\/index.php?rest_route=\/wp\/v2\/types\/page"}],"author":[{"embeddable":true,"href":"https:\/\/lieblingsmomentemichi.de\/index.php?rest_route=\/wp\/v2\/users\/1"}],"replies":[{"embeddable":true,"href":"https:\/\/lieblingsmomentemichi.de\/index.php?rest_route=%2Fwp%2Fv2%2Fcomments&post=70"}],"version-history":[{"count":130,"href":"https:\/\/lieblingsmomentemichi.de\/index.php?rest_route=\/wp\/v2\/pages\/70\/revisions"}],"predecessor-version":[{"id":1859,"href":"https:\/\/lieblingsmomentemichi.de\/index.php?rest_route=\/wp\/v2\/pages\/70\/revisions\/1859"}],"wp:attachment":[{"href":"https:\/\/lieblingsmomentemichi.de\/index.php?rest_route=%2Fwp%2Fv2%2Fmedia&parent=70"}],"curies":[{"name":"wp","href":"https:\/\/api.w.org\/{rel}","templated":true}]}}